
{"id":8621,"date":"2018-08-27T11:09:01","date_gmt":"2018-08-27T09:09:01","guid":{"rendered":"http:\/\/provider.pl\/cookies\/"},"modified":"2019-01-31T12:44:40","modified_gmt":"2019-01-31T11:44:40","slug":"cookies","status":"publish","type":"page","link":"https:\/\/provider.pl\/en\/cookies\/","title":{"rendered":"Cookies"},"content":{"rendered":"<p>[vc_row content_width=&#8221;grid&#8221; content_aligment=&#8221;center&#8221; css=&#8221;.vc_custom_1530863399556{padding-top: 185px !important;padding-bottom: 0px !important;background: #f6f7fc url(https:\/\/provider.pl\/wp-content\/uploads\/line1.png?id=6165) !important;}&#8221; el_class=&#8221;top_boxes_line_site&#8221;][vc_column][vc_column_text css=&#8221;.vc_custom_1535360977393{margin-bottom: 30px !important;}&#8221;]<\/p>\n<h1 style=\"text-align: center;\">Cookies<\/h1>\n<p>[\/vc_column_text][vc_column_text]<\/p>\n<p style=\"text-align: justify;\"><span class=\"tlid-translation translation\"><span class=\"\" title=\"\">Provider sp. Z o.o.<\/span> <span class=\"\" title=\"\">with headquarters in Wroc\u0142aw (54-203), ul.<\/span> <span class=\"\" title=\"\">Grabiszy\u0144ska 163, entered into the court register under KRS No. 0000188403 in the District Court for Wroc\u0142aw Fabryczna VI Commercial Division, with share capital in the amount of PLN 50,000, NIP: 899-22-97-785, REGON 932040073, hereinafter referred to as &#8220;Provider&#8221;.<\/span><\/span><\/p>\n<p style=\"text-align: justify;\"><strong>Cookies policy<\/strong><\/p>\n<p style=\"text-align: justify;\">This Cookie Policy applies to cookies and other technologies that store data in the end device that the Provider uses in its websites.<\/p>\n<p style=\"text-align: justify;\">By using Provider sites, by configuring browser settings appropriately, you agree to the use of Cookies and other similar technologies in accordance with this Cookie Policy. If you do not agree to our use of cookies or other similar technologies, you should change your browser settings in a suitable manner or opt out of using the Provider services.<\/p>\n<p style=\"text-align: justify;\"><strong>What are Cookies?<\/strong><\/p>\n<p style=\"text-align: justify;\">Cookies are IT data stored on the User&#8217;s end device, which the browser sends to the server each time it connects to a given terminal device (computer, tablet, smartphone, etc.). The cookie usually contains the name of the website from which it comes, the validity period and a unique number used to identify the browser from which the website is connected.<\/p>\n<p style=\"text-align: justify;\">Where it is reasonable, in addition to cookies, we may also use other technologies similar to cookies. Whenever in this policy we mention cookies, we also mean those technologies, which include, for example, Local Storage, which is used to store data saved when using the services in a dedicated part of the browser&#8217;s memory. Access to data in Local storage can only be obtained from the website from which the data was saved in the browser. Data saved in this way, like cookie data, can be stored by the browser also after its closure.<\/p>\n<p style=\"text-align: justify;\"><strong>For what purpose do we use cookies?<\/strong><\/p>\n<p style=\"text-align: justify;\">The Provider uses Cookies so that the sites provided by the Provider may work properly (eg cookies are necessary for sites that require login) and that they may act faster or remember and respect individual User settings, to collect anonymous, aggregate statistics that allow us to improve our services and to make it easier for advertisers to present to the Internet User ads tailored to the interests of the User.<\/p>\n<p style=\"text-align: justify;\"><strong>Anonymity<\/strong><\/p>\n<p style=\"text-align: justify;\">By using Cookies on our websites, we never identify Users&#8217; identities on the basis of information stored there. The data collected in this way are purely general and statistical, they are devoid of any identifications that identify the User. We can cooperate with business partners (eg Google) to analyze such general data.<\/p>\n<p style=\"text-align: justify;\">Data collected with the help of Cookies can be combined with personal data in services requiring registration and logging, only in the scope of services provided (eg a mail panel, service configuration panels).<\/p>\n<p style=\"text-align: justify;\"><strong>Types of Cookies used by the Provider<\/strong><\/p>\n<p style=\"text-align: justify;\">We use cookies in our websites:<\/p>\n<ul>\n<li style=\"text-align: left;\">necessary for the operation of websites &#8211; this is information without which it would not be possible to use most websites, in particular those requiring login,<\/li>\n<li style=\"text-align: left;\">improving the functionality &#8211; these are the information that remember the preferences and choices of the user, enabling appropriate presentation of the content,<\/li>\n<\/ul>\n<p style=\"text-align: justify;\">By using our services you can receive cookies from our partners (eg Google, Facebook, Tweeter). In addition to the above, these may be advertising cookies, used to profile information and advertisements presented by our partners on the Internet.<\/p>\n<p style=\"text-align: justify;\">We also use third-party analytical software (e.g. Google Analytics) which places user codes on the User&#8217;s terminal device to collect User data.<\/p>\n<p style=\"text-align: justify;\"><strong>How can I change Cookie settings or delete them?<\/strong><\/p>\n<p style=\"text-align: justify;\">Most web browsers are configured to accept cookies by default. These settings can be changed so that cookies are blocked or to receive a message each time when Cookies are sent to your device. Blocking or limiting cookies may adversely affect the convenience of using our services or even make it impossible to use them (in the case of websites that require login)<\/p>\n<p style=\"text-align: justify;\">To change the settings of your browser use the help of its manufacturer.<\/p>\n<p>[\/vc_column_text][vc_empty_space height=&#8221;50px&#8221;][\/vc_column][\/vc_row][vc_row css=&#8221;.vc_custom_1523603369416{background-image: url(https:\/\/provider.pl\/wp-content\/uploads\/line4.png?id=6168) !important;background-position: 0 0 !important;background-repeat: no-repeat !important;}&#8221; el_id=&#8221;podstronabgbottom&#8221;][vc_column][vc_empty_space height=&#8221;250px&#8221;][\/vc_column][\/vc_row][vc_row content_aligment=&#8221;center&#8221; css=&#8221;.vc_custom_1531227933702{background-position: center !important;background-repeat: no-repeat !important;background-size: cover !important;}&#8221;][vc_column][vc_column_text]<p>[vc_row content_aligment=&#8221;center&#8221; css=&#8221;.vc_custom_1531225872566{padding-bottom: 110px !important;background-position: center !important;background-repeat: no-repeat !important;background-size: cover !important;}&#8221;][vc_column][\/vc_column][\/vc_row][vc_row content_width=&#8221;grid&#8221; content_aligment=&#8221;center&#8221;][vc_column][vc_column_text]<\/p>\n<h1>Contact Form<\/h1>\n<p>[\/vc_column_text][vc_raw_html css=&#8221;.vc_custom_1523606799344{padding-bottom: 40px !important;}&#8221;]JTNDZGl2JTIwY2xhc3MlM0QlMjJxb2RlZi1zZXBhcmF0b3ItaG9sZGVyJTIwY2xlYXJmaXglMjAlMjBxb2RlZi1zZXBhcmF0b3ItbGVmdCUyMiUyMHN0eWxlJTNEJTIydGV4dC1hbGlnbiUzQSUyMGNlbnRlciUzQiUyMiUzRSUwQSUyMCUyMCUyMCUyMCUzQ2RpdiUyMGNsYXNzJTNEJTIycW9kZWYtc2VwYXJhdG9yJTIyJTIwc3R5bGUlM0QlMjJib3JkZXItY29sb3IlM0ElMjAlMjM4YzAyNjYlM0Jib3JkZXItcmFkaXVzJTNBJTIwM3B4JTNCd2lkdGglM0ElMjA5MXB4JTNCYm9yZGVyLWJvdHRvbS13aWR0aCUzQSUyMDVweCUyMiUzRSUzQyUyRmRpdiUzRSUwQSUzQyUyRmRpdiUzRQ==[\/vc_raw_html][vc_column_text css=&#8221;.vc_custom_1546437969292{padding-right: 40px !important;padding-bottom: 40px !important;padding-left: 40px !important;}&#8221;]<\/p>\n<p style=\"text-align: center;\">If you have any additional questions or concerns.<\/p>\n<p style=\"text-align: center;\">We invite you to contact us.<\/p>\n<p style=\"text-align: center;\">We will try to answer all your questions.<\/p>\n<p>[\/vc_column_text][vc_raw_html css=&#8221;.vc_custom_1547648958152{padding-bottom: 40px !important;}&#8221;]JTNDYSUyMGl0ZW1wcm9wJTNEJTIydXJsJTIyJTIwaHJlZiUzRCUyMiUyRmVuJTJGY29udGFjdC1mb3JtJTJGJTIyJTIwdGFyZ2V0JTNEJTIyX3NlbGYlMjIlMjBzdHlsZSUzRCUyMmNvbG9yJTNBJTIwJTIzZmZmZmZmJTNCYmFja2dyb3VuZC1jb2xvciUzQSUyMCUyMzI0MjYyYSUzQmJvcmRlci1jb2xvciUzQSUyMCUyMzI0MjYyYSUzQmJvcmRlci1yYWRpdXMlM0ElMjA1cHglMjIlMjBjbGFzcyUzRCUyMnFvZGVmLWJ0biUyMHFvZGVmLWJ0bi1sYXJnZSUyMHFvZGVmLWJ0bi1zb2xpZCUyMHFvZGVmLWJ0bi1jdXN0b20taG92ZXItYmclMjBxb2RlZi1idG4tY3VzdG9tLWJvcmRlci1ob3ZlciUyMHFvZGVmLWJ0bi1jdXN0b20taG92ZXItY29sb3IlMjBxb2RlZi1idG4taG92ZXItc2NhbGUlMjIlMjBkYXRhLWhvdmVyLWJnLWNvbG9yJTNEJTIyJTIzYTUxMTJmJTIyJTIwZGF0YS1ob3Zlci1jb2xvciUzRCUyMiUyM2ZmZmZmZiUyMiUyMGRhdGEtaG92ZXItYm9yZGVyLWNvbG9yJTNEJTIyJTIzYTUxMTJmJTIyJTNFJTBBJTIwJTIwJTIwJTIwJTNDc3BhbiUyMGNsYXNzJTNEJTIycW9kZWYtYnRuLXRleHQlMjIlM0VGSUxMJTIwVEhFJTIwRk9STSUzQyUyRnNwYW4lM0UlMEElMjAlMjAlMjAlMjAlM0NzcGFuJTIwY2xhc3MlM0QlMjJxb2RlZi1idG4taWNvbi1ub3JtYWwlMjIlM0UlM0MlMkZzcGFuJTNFJTBBJTIwJTIwJTIwJTIwJTNDc3BhbiUyMGNsYXNzJTNEJTIycW9kZWYtYnRuLWljb24tZmxpcCUyMiUzRSUzQyUyRnNwYW4lM0UlMEElMjAlMjAlMjAlMjAlMjAlMjAlMjAlMjAlMDklM0NzcGFuJTIwY2xhc3MlM0QlMjJxb2RlZi1ob3Zlci1iYWNrZ3JvdW5kJTIyJTIwc3R5bGUlM0QlMjJiYWNrZ3JvdW5kLWNvbG9yJTNBJTIwcmdiJTI4MTY1JTJDJTIwMTclMkMlMjA0NyUyOSUzQiUyMGJvcmRlci1jb2xvciUzQSUyMHJnYiUyODE2NSUyQyUyMDE3JTJDJTIwNDclMjklM0IlMjB0b3AlM0ElMjAtMnB4JTNCJTIwbGVmdCUzQSUyMC0ycHglM0IlMjBib3JkZXItd2lkdGglM0ElMjAycHglM0IlMjBib3JkZXItcmFkaXVzJTNBJTIwMTAwJTI1JTNCJTIyJTNFJTNDJTJGc3BhbiUzRSUwQSUyMCUyMCUyMCUyMCUwQSUyMCUyMCUyMCUyMCUzQyUyRmElM0U=[\/vc_raw_html][vc_empty_space height=&#8221;50px&#8221;][\/vc_column][\/vc_row]<\/p>\n<style type=\"text\/css\" data-type=\"vc_shortcodes-custom-css\">.vc_custom_1531225872566{padding-bottom: 110px !important;background-position: center !important;background-repeat: no-repeat !important;background-size: cover !important;}.vc_custom_1523606799344{padding-bottom: 40px !important;}.vc_custom_1546437969292{padding-right: 40px !important;padding-bottom: 40px !important;padding-left: 40px !important;}.vc_custom_1547648958152{padding-bottom: 40px !important;}<\/style>[\/vc_column_text][\/vc_column][\/vc_row]<\/p>\n","protected":false},"excerpt":{"rendered":"<p>[vc_row content_width=&#8221;grid&#8221; content_aligment=&#8221;center&#8221; css=&#8221;.vc_custom_1530863399556{padding-top: 185px !important;padding-bottom: 0px !important;background: #f6f7fc url(https:\/\/provider.pl\/wp-content\/uploads\/line1.png?id=6165) !important;}&#8221; el_class=&#8221;top_boxes_line_site&#8221;][vc_column][vc_column_text css=&#8221;.vc_custom_1535360977393{margin-bottom: 30px !important;}&#8221;] Cookies [\/vc_column_text][vc_column_text] Provider sp. Z o.o. with headquarters in Wroc\u0142aw (54-203), ul. Grabiszy\u0144ska 163, entered into the court register under KRS No. 0000188403 in the District Court for Wroc\u0142aw Fabryczna&#8230;<\/p>\n","protected":false},"author":2,"featured_media":0,"parent":0,"menu_order":0,"comment_status":"closed","ping_status":"closed","template":"full-width.php","meta":{"_acf_changed":false,"inline_featured_image":false,"footnotes":""},"class_list":["post-8621","page","type-page","status-publish","hentry"],"acf":[],"yoast_head":"<!-- This site is optimized with the Yoast SEO plugin v27.4 - https:\/\/yoast.com\/product\/yoast-seo-wordpress\/ -->\n<title>Cookies - Host Provider<\/title>\n<meta name=\"robots\" content=\"index, follow, max-snippet:-1, max-image-preview:large, max-video-preview:-1\" \/>\n<link rel=\"canonical\" href=\"https:\/\/provider.pl\/en\/cookies\/\" \/>\n<meta property=\"og:locale\" content=\"en_US\" \/>\n<meta property=\"og:type\" content=\"article\" \/>\n<meta property=\"og:title\" content=\"Cookies - Host Provider\" \/>\n<meta property=\"og:description\" content=\"[vc_row content_width=&#8221;grid&#8221; content_aligment=&#8221;center&#8221; css=&#8221;.vc_custom_1530863399556{padding-top: 185px !important;padding-bottom: 0px !important;background: #f6f7fc url(https:\/\/provider.pl\/wp-content\/uploads\/line1.png?id=6165) !important;}&#8221; el_class=&#8221;top_boxes_line_site&#8221;][vc_column][vc_column_text css=&#8221;.vc_custom_1535360977393{margin-bottom: 30px !important;}&#8221;] Cookies [\/vc_column_text][vc_column_text] Provider sp. Z o.o. with headquarters in Wroc\u0142aw (54-203), ul. Grabiszy\u0144ska 163, entered into the court register under KRS No. 0000188403 in the District Court for Wroc\u0142aw Fabryczna...\" \/>\n<meta property=\"og:url\" content=\"https:\/\/provider.pl\/en\/cookies\/\" \/>\n<meta property=\"og:site_name\" content=\"Host Provider\" \/>\n<meta property=\"article:publisher\" content=\"https:\/\/www.facebook.com\/PROVIDERPL\" \/>\n<meta property=\"article:modified_time\" content=\"2019-01-31T11:44:40+00:00\" \/>\n<meta name=\"twitter:card\" content=\"summary_large_image\" \/>\n<meta name=\"twitter:label1\" content=\"Est. reading time\" \/>\n\t<meta name=\"twitter:data1\" content=\"4 minutes\" \/>\n<script type=\"application\/ld+json\" class=\"yoast-schema-graph\">{\"@context\":\"https:\\\/\\\/schema.org\",\"@graph\":[{\"@type\":\"WebPage\",\"@id\":\"https:\\\/\\\/provider.pl\\\/en\\\/cookies\\\/\",\"url\":\"https:\\\/\\\/provider.pl\\\/en\\\/cookies\\\/\",\"name\":\"Cookies - Host Provider\",\"isPartOf\":{\"@id\":\"https:\\\/\\\/provider.pl\\\/#website\"},\"datePublished\":\"2018-08-27T09:09:01+00:00\",\"dateModified\":\"2019-01-31T11:44:40+00:00\",\"breadcrumb\":{\"@id\":\"https:\\\/\\\/provider.pl\\\/en\\\/cookies\\\/#breadcrumb\"},\"inLanguage\":\"en-US\",\"potentialAction\":[{\"@type\":\"ReadAction\",\"target\":[\"https:\\\/\\\/provider.pl\\\/en\\\/cookies\\\/\"]}]},{\"@type\":\"BreadcrumbList\",\"@id\":\"https:\\\/\\\/provider.pl\\\/en\\\/cookies\\\/#breadcrumb\",\"itemListElement\":[{\"@type\":\"ListItem\",\"position\":1,\"name\":\"Strona g\u0142\u00f3wna\",\"item\":\"https:\\\/\\\/provider.pl\\\/en\\\/\"},{\"@type\":\"ListItem\",\"position\":2,\"name\":\"Cookies\"}]},{\"@type\":\"WebSite\",\"@id\":\"https:\\\/\\\/provider.pl\\\/#website\",\"url\":\"https:\\\/\\\/provider.pl\\\/\",\"name\":\"Provider Sp. z o.o.\",\"description\":\"Host Provider - Strony www, hosting, pozycjonowanie, domeny\",\"publisher\":{\"@id\":\"https:\\\/\\\/provider.pl\\\/#organization\"},\"potentialAction\":[{\"@type\":\"SearchAction\",\"target\":{\"@type\":\"EntryPoint\",\"urlTemplate\":\"https:\\\/\\\/provider.pl\\\/?s={search_term_string}\"},\"query-input\":{\"@type\":\"PropertyValueSpecification\",\"valueRequired\":true,\"valueName\":\"search_term_string\"}}],\"inLanguage\":\"en-US\"},{\"@type\":\"Organization\",\"@id\":\"https:\\\/\\\/provider.pl\\\/#organization\",\"name\":\"Provider Sp. z o.o.\",\"url\":\"https:\\\/\\\/provider.pl\\\/\",\"logo\":{\"@type\":\"ImageObject\",\"inLanguage\":\"en-US\",\"@id\":\"https:\\\/\\\/provider.pl\\\/#\\\/schema\\\/logo\\\/image\\\/\",\"url\":\"https:\\\/\\\/provider.pl\\\/wp-content\\\/uploads\\\/logo_provider_dark_red_bordo_2.png\",\"contentUrl\":\"https:\\\/\\\/provider.pl\\\/wp-content\\\/uploads\\\/logo_provider_dark_red_bordo_2.png\",\"width\":446,\"height\":320,\"caption\":\"Provider Sp. z o.o.\"},\"image\":{\"@id\":\"https:\\\/\\\/provider.pl\\\/#\\\/schema\\\/logo\\\/image\\\/\"},\"sameAs\":[\"https:\\\/\\\/www.facebook.com\\\/PROVIDERPL\"]}]}<\/script>\n<!-- \/ Yoast SEO plugin. -->","yoast_head_json":{"title":"Cookies - Host Provider","robots":{"index":"index","follow":"follow","max-snippet":"max-snippet:-1","max-image-preview":"max-image-preview:large","max-video-preview":"max-video-preview:-1"},"canonical":"https:\/\/provider.pl\/en\/cookies\/","og_locale":"en_US","og_type":"article","og_title":"Cookies - Host Provider","og_description":"[vc_row content_width=&#8221;grid&#8221; content_aligment=&#8221;center&#8221; css=&#8221;.vc_custom_1530863399556{padding-top: 185px !important;padding-bottom: 0px !important;background: #f6f7fc url(https:\/\/provider.pl\/wp-content\/uploads\/line1.png?id=6165) !important;}&#8221; el_class=&#8221;top_boxes_line_site&#8221;][vc_column][vc_column_text css=&#8221;.vc_custom_1535360977393{margin-bottom: 30px !important;}&#8221;] Cookies [\/vc_column_text][vc_column_text] Provider sp. Z o.o. with headquarters in Wroc\u0142aw (54-203), ul. Grabiszy\u0144ska 163, entered into the court register under KRS No. 0000188403 in the District Court for Wroc\u0142aw Fabryczna...","og_url":"https:\/\/provider.pl\/en\/cookies\/","og_site_name":"Host Provider","article_publisher":"https:\/\/www.facebook.com\/PROVIDERPL","article_modified_time":"2019-01-31T11:44:40+00:00","twitter_card":"summary_large_image","twitter_misc":{"Est. reading time":"4 minutes"},"schema":{"@context":"https:\/\/schema.org","@graph":[{"@type":"WebPage","@id":"https:\/\/provider.pl\/en\/cookies\/","url":"https:\/\/provider.pl\/en\/cookies\/","name":"Cookies - Host Provider","isPartOf":{"@id":"https:\/\/provider.pl\/#website"},"datePublished":"2018-08-27T09:09:01+00:00","dateModified":"2019-01-31T11:44:40+00:00","breadcrumb":{"@id":"https:\/\/provider.pl\/en\/cookies\/#breadcrumb"},"inLanguage":"en-US","potentialAction":[{"@type":"ReadAction","target":["https:\/\/provider.pl\/en\/cookies\/"]}]},{"@type":"BreadcrumbList","@id":"https:\/\/provider.pl\/en\/cookies\/#breadcrumb","itemListElement":[{"@type":"ListItem","position":1,"name":"Strona g\u0142\u00f3wna","item":"https:\/\/provider.pl\/en\/"},{"@type":"ListItem","position":2,"name":"Cookies"}]},{"@type":"WebSite","@id":"https:\/\/provider.pl\/#website","url":"https:\/\/provider.pl\/","name":"Provider Sp. z o.o.","description":"Host Provider - Strony www, hosting, pozycjonowanie, domeny","publisher":{"@id":"https:\/\/provider.pl\/#organization"},"potentialAction":[{"@type":"SearchAction","target":{"@type":"EntryPoint","urlTemplate":"https:\/\/provider.pl\/?s={search_term_string}"},"query-input":{"@type":"PropertyValueSpecification","valueRequired":true,"valueName":"search_term_string"}}],"inLanguage":"en-US"},{"@type":"Organization","@id":"https:\/\/provider.pl\/#organization","name":"Provider Sp. z o.o.","url":"https:\/\/provider.pl\/","logo":{"@type":"ImageObject","inLanguage":"en-US","@id":"https:\/\/provider.pl\/#\/schema\/logo\/image\/","url":"https:\/\/provider.pl\/wp-content\/uploads\/logo_provider_dark_red_bordo_2.png","contentUrl":"https:\/\/provider.pl\/wp-content\/uploads\/logo_provider_dark_red_bordo_2.png","width":446,"height":320,"caption":"Provider Sp. z o.o."},"image":{"@id":"https:\/\/provider.pl\/#\/schema\/logo\/image\/"},"sameAs":["https:\/\/www.facebook.com\/PROVIDERPL"]}]}},"_links":{"self":[{"href":"https:\/\/provider.pl\/en\/wp-json\/wp\/v2\/pages\/8621","targetHints":{"allow":["GET"]}}],"collection":[{"href":"https:\/\/provider.pl\/en\/wp-json\/wp\/v2\/pages"}],"about":[{"href":"https:\/\/provider.pl\/en\/wp-json\/wp\/v2\/types\/page"}],"author":[{"embeddable":true,"href":"https:\/\/provider.pl\/en\/wp-json\/wp\/v2\/users\/2"}],"replies":[{"embeddable":true,"href":"https:\/\/provider.pl\/en\/wp-json\/wp\/v2\/comments?post=8621"}],"version-history":[{"count":0,"href":"https:\/\/provider.pl\/en\/wp-json\/wp\/v2\/pages\/8621\/revisions"}],"wp:attachment":[{"href":"https:\/\/provider.pl\/en\/wp-json\/wp\/v2\/media?parent=8621"}],"curies":[{"name":"wp","href":"https:\/\/api.w.org\/{rel}","templated":true}]}}