
{"id":8628,"date":"2018-08-17T16:55:52","date_gmt":"2018-08-17T14:55:52","guid":{"rendered":"http:\/\/provider.pl\/cennik-domen\/"},"modified":"2019-01-31T12:44:43","modified_gmt":"2019-01-31T11:44:43","slug":"domain-pricing","status":"publish","type":"page","link":"https:\/\/provider.pl\/en\/domain-pricing\/","title":{"rendered":"Domain pricing"},"content":{"rendered":"<p>[vc_row content_width=&#8221;grid&#8221; content_aligment=&#8221;center&#8221; css=&#8221;.vc_custom_1530863399556{padding-top: 185px !important;padding-bottom: 0px !important;background: #f6f7fc url(https:\/\/provider.pl\/wp-content\/uploads\/line1.png?id=6165) !important;}&#8221; el_class=&#8221;top_boxes_line_site&#8221;][vc_column][vc_column_text css=&#8221;.vc_custom_1546419753673{margin-bottom: 30px !important;}&#8221;]<\/p>\n<h1 style=\"text-align: center;\">Domain pricing<\/h1>\n<p>[\/vc_column_text][vc_empty_space height=&#8221;50px&#8221;][vc_column_text css=&#8221;.vc_custom_1546419771255{margin-bottom: 30px !important;}&#8221;]<\/p>\n<h3 style=\"text-align: center;\">Most often chosen<\/h3>\n<p>[\/vc_column_text][vc_empty_space height=&#8221;50px&#8221;][vc_column_text]<\/p>\n<div class=\"qodef-service-table qodef-cols-2 rounded\">\n<div class=\"qodef-service-table-inner\">\n<table class=\"qodef-service-table-holder smalltable\">\n<thead>\n<tr>\n<th style=\"text-align: left;\">domain<\/th>\n<th>registration<\/th>\n<th>renewal for a year<\/th>\n<\/tr>\n<\/thead>\n<tbody>\n<tr>\n<td class=\"qodef-service-table-feature-title\"><b>.pl<\/b><\/td>\n<td><span class=\"nbswitch\">10,00<\/span> z\u0142<\/td>\n<td><span class=\"nbswitch\">80,00 <\/span>z\u0142<\/td>\n<\/tr>\n<tr>\n<td class=\"qodef-service-table-feature-title\">.<b>com.pl<\/b><\/td>\n<td><span class=\"nbswitch\">7,50 <\/span>z\u0142<\/td>\n<td><span class=\"nbswitch\">60,00 <\/span>z\u0142<\/td>\n<\/tr>\n<tr>\n<td class=\"qodef-service-table-feature-title\">.<b>wroclaw.pl<\/b><\/td>\n<td><span class=\"nbswitch\">7,50<\/span> z\u0142<\/td>\n<td>\n<div class=\"col-xs-3 text-right\"><span class=\"nbswitch\">30,00 <\/span> z\u0142<\/div>\n<\/td>\n<\/tr>\n<tr>\n<td class=\"qodef-service-table-feature-title\"><b>.com<\/b><\/td>\n<td><span class=\"nbswitch\">45,00<\/span> z\u0142<\/td>\n<td>\n<div class=\"col-xs-3 text-right\"><span class=\"nbswitch\">60,00 <\/span>z\u0142<\/div>\n<\/td>\n<\/tr>\n<tr>\n<td class=\"qodef-service-table-feature-title\"><b>.eu<\/b><\/td>\n<td><span class=\"nbswitch\">45,00<\/span> z\u0142<\/td>\n<td>\n<div class=\"col-xs-3 text-right\"><span class=\"nbswitch\">60,00 <\/span>z\u0142<\/div>\n<\/td>\n<\/tr>\n<\/tbody>\n<\/table>\n<\/div>\n<\/div>\n<p>[\/vc_column_text][\/vc_column][\/vc_row][vc_row content_width=&#8221;grid&#8221; content_aligment=&#8221;center&#8221; css=&#8221;.vc_custom_1530865461972{background-image: url(https:\/\/provider.pl\/wp-content\/uploads\/wave_line_straight_color1.jpg?id=6500) !important;}&#8221; el_class=&#8221;wave_line_straight_color1&#8243;][vc_column][vc_column_text css=&#8221;.vc_custom_1546419864473{margin-bottom: 30px !important;}&#8221;]<\/p>\n<h3 style=\"text-align: center;\">Global domains<\/h3>\n<p>[\/vc_column_text][vc_empty_space height=&#8221;50px&#8221;][vc_column_text]<\/p>\n<div class=\"qodef-service-table qodef-cols-2 rounded\">\n<div class=\"qodef-service-table-inner\">\n<table class=\"qodef-service-table-holder smalltable\">\n<thead>\n<tr>\n<th>domain<\/th>\n<th>registration<\/th>\n<th>renewal for a year<\/th>\n<\/tr>\n<\/thead>\n<tbody>\n<tr>\n<td>.com<\/td>\n<td>45,00 z\u0142<\/td>\n<td>60,00 z\u0142<\/td>\n<\/tr>\n<tr>\n<td>.net<\/td>\n<td>45,00 z\u0142<\/td>\n<td>60,00 z\u0142<\/td>\n<\/tr>\n<tr>\n<td>.biz<\/td>\n<td>45,00 z\u0142<\/td>\n<td>60,00 z\u0142<\/td>\n<\/tr>\n<tr>\n<td>.eu<\/td>\n<td>45,00 z\u0142<\/td>\n<td>60,00 z\u0142<\/td>\n<\/tr>\n<tr>\n<td>.info<\/td>\n<td>45,00 z\u0142<\/td>\n<td>60,00 z\u0142<\/td>\n<\/tr>\n<tr>\n<td>.org<\/td>\n<td>45,00 z\u0142<\/td>\n<td>60,00 z\u0142<\/td>\n<\/tr>\n<\/tbody>\n<\/table>\n<\/div>\n<\/div>\n<p>[\/vc_column_text][vc_empty_space height=&#8221;50px&#8221;][\/vc_column][\/vc_row][vc_row content_width=&#8221;grid&#8221; content_aligment=&#8221;center&#8221; css=&#8221;.vc_custom_1540379799444{background: #f6f7fc url(https:\/\/provider.pl\/wp-content\/uploads\/wave_line_straight_white1.jpg?id=6498) !important;}&#8221; el_class=&#8221;wave_line_straight_white1&#8243;][vc_column][vc_column_text css=&#8221;.vc_custom_1546419926813{margin-bottom: 30px !important;}&#8221;]<\/p>\n<h3 style=\"text-align: center;\">Domestic domains<\/h3>\n<p>[\/vc_column_text][vc_empty_space height=&#8221;50px&#8221;][vc_column_text]<\/p>\n<div class=\"qodef-service-table qodef-cols-2 rounded\">\n<div class=\"qodef-service-table-inner\">\n<table class=\"qodef-service-table-holder smalltable\" style=\"height: 576px;\">\n<thead>\n<tr style=\"height: 24px;\">\n<th style=\"height: 24px; width: 66.75px;\">domain<\/th>\n<th style=\"height: 24px; width: 145.433px; text-align: center;\">registration<\/th>\n<th style=\"height: 24px; width: 153.733px;\">renewal for a year<\/th>\n<\/tr>\n<\/thead>\n<tbody>\n<tr style=\"height: 24px;\">\n<td style=\"height: 24px; width: 66.75px;\">.at<\/td>\n<td style=\"height: 24px; width: 145.433px;\">80,00 z\u0142<\/td>\n<td style=\"height: 24px; width: 153.733px;\">120,00 z\u0142<\/td>\n<\/tr>\n<tr style=\"height: 24px;\">\n<td style=\"height: 24px; width: 66.75px;\">.ch<\/td>\n<td style=\"height: 24px; width: 145.433px;\">100,00 z\u0142<\/td>\n<td style=\"height: 24px; width: 153.733px;\">160,00 z\u0142<\/td>\n<\/tr>\n<tr style=\"height: 24px;\">\n<td style=\"height: 24px; width: 66.75px;\">.cn<\/td>\n<td style=\"height: 24px; width: 145.433px;\">120,00 z\u0142<\/td>\n<td style=\"height: 24px; width: 153.733px;\">160,00 z\u0142<\/td>\n<\/tr>\n<tr style=\"height: 24px;\">\n<td style=\"height: 24px; width: 66.75px;\">.co<\/td>\n<td style=\"height: 24px; width: 145.433px;\">140,00 z\u0142<\/td>\n<td style=\"height: 24px; width: 153.733px;\">160,00 z\u0142<\/td>\n<\/tr>\n<tr style=\"height: 24px;\">\n<td style=\"height: 24px; width: 66.75px;\">.cz<\/td>\n<td style=\"height: 24px; width: 145.433px;\">120,00 z\u0142<\/td>\n<td style=\"height: 24px; width: 153.733px;\">160,00 z\u0142<\/td>\n<\/tr>\n<tr style=\"height: 24px;\">\n<td style=\"height: 24px; width: 66.75px;\">.de<\/td>\n<td style=\"height: 24px; width: 145.433px;\">60,00 z\u0142<\/td>\n<td style=\"height: 24px; width: 153.733px;\">80,00 z\u0142<\/td>\n<\/tr>\n<tr style=\"height: 24px;\">\n<td style=\"height: 24px; width: 66.75px;\">.dk<\/td>\n<td style=\"height: 24px; width: 145.433px;\">160,00 z\u0142<\/td>\n<td style=\"height: 24px; width: 153.733px;\">160,00 z\u0142<\/td>\n<\/tr>\n<tr style=\"height: 24px;\">\n<td style=\"height: 24px; width: 66.75px;\">.es<\/td>\n<td style=\"height: 24px; width: 145.433px;\">60,00 z\u0142<\/td>\n<td style=\"height: 24px; width: 153.733px;\">80,00 z\u0142<\/td>\n<\/tr>\n<tr style=\"height: 24px;\">\n<td style=\"height: 24px; width: 66.75px;\">.fm<\/td>\n<td style=\"height: 24px; width: 145.433px;\">350,00 z\u0142<\/td>\n<td style=\"height: 24px; width: 153.733px;\">380,00 z\u0142<\/td>\n<\/tr>\n<tr style=\"height: 24px;\">\n<td style=\"height: 24px; width: 66.75px;\">.fr<\/td>\n<td style=\"height: 24px; width: 145.433px;\">100,00 z\u0142<\/td>\n<td style=\"height: 24px; width: 153.733px;\">140,00 z\u0142<\/td>\n<\/tr>\n<tr style=\"height: 24px;\">\n<td style=\"height: 24px; width: 66.75px;\">.hk<\/td>\n<td style=\"height: 24px; width: 145.433px;\">250,00 z\u0142<\/td>\n<td style=\"height: 24px; width: 153.733px;\">350,00 z\u0142<\/td>\n<\/tr>\n<tr style=\"height: 24px;\">\n<td style=\"height: 24px; width: 66.75px;\">.in<\/td>\n<td style=\"height: 24px; width: 145.433px;\">60,00 z\u0142<\/td>\n<td style=\"height: 24px; width: 153.733px;\">120,00 z\u0142<\/td>\n<\/tr>\n<tr style=\"height: 24px;\">\n<td style=\"height: 24px; width: 66.75px;\">.it<\/td>\n<td style=\"height: 24px; width: 145.433px;\">100,00 z\u0142<\/td>\n<td style=\"height: 24px; width: 153.733px;\">120,00 z\u0142<\/td>\n<\/tr>\n<tr style=\"height: 24px;\">\n<td style=\"height: 24px; width: 66.75px;\">.lt<\/td>\n<td style=\"height: 24px; width: 145.433px;\">250,00 z\u0142<\/td>\n<td style=\"height: 24px; width: 153.733px;\">300,00 z\u0142<\/td>\n<\/tr>\n<tr style=\"height: 24px;\">\n<td style=\"height: 24px; width: 66.75px;\">.nl<\/td>\n<td style=\"height: 24px; width: 145.433px;\">60,00 z\u0142<\/td>\n<td style=\"height: 24px; width: 153.733px;\">80,00 z\u0142<\/td>\n<\/tr>\n<tr style=\"height: 24px;\">\n<td style=\"height: 24px; width: 66.75px;\">.pl<\/td>\n<td style=\"height: 24px; width: 145.433px;\">10,00 z\u0142<\/td>\n<td style=\"height: 24px; width: 153.733px;\">80,00 z\u0142<\/td>\n<\/tr>\n<tr style=\"height: 24px;\">\n<td style=\"height: 24px; width: 66.75px;\">.ru<\/td>\n<td style=\"height: 24px; width: 145.433px;\">60,00 z\u0142<\/td>\n<td style=\"height: 24px; width: 153.733px;\">140,00 z\u0142<\/td>\n<\/tr>\n<tr style=\"height: 24px;\">\n<td style=\"height: 24px; width: 66.75px;\">.se<\/td>\n<td style=\"height: 24px; width: 145.433px;\">130,00 z\u0142<\/td>\n<td style=\"height: 24px; width: 153.733px;\">180,00 z\u0142<\/td>\n<\/tr>\n<tr style=\"height: 24px;\">\n<td style=\"height: 24px; width: 66.75px;\">.sk<\/td>\n<td style=\"height: 24px; width: 145.433px;\">160,00 z\u0142<\/td>\n<td style=\"height: 24px; width: 153.733px;\">300,00 z\u0142<\/td>\n<\/tr>\n<tr style=\"height: 24px;\">\n<td style=\"height: 24px; width: 66.75px;\">.tv<\/td>\n<td style=\"height: 24px; width: 145.433px;\">140,00 z\u0142<\/td>\n<td style=\"height: 24px; width: 153.733px;\">180,00 z\u0142<\/td>\n<\/tr>\n<tr style=\"height: 24px;\">\n<td style=\"height: 24px; width: 66.75px;\">.us<\/td>\n<td style=\"height: 24px; width: 145.433px;\">60,00 z\u0142<\/td>\n<td style=\"height: 24px; width: 153.733px;\">80,00 z\u0142<\/td>\n<\/tr>\n<tr style=\"height: 24px;\">\n<td style=\"height: 24px; width: 66.75px;\">.ws<\/td>\n<td style=\"height: 24px; width: 145.433px;\">80,00 z\u0142<\/td>\n<td style=\"height: 24px; width: 153.733px;\">120,00 z\u0142<\/td>\n<\/tr>\n<\/tbody>\n<\/table>\n<\/div>\n<\/div>\n<p>[\/vc_column_text][vc_empty_space height=&#8221;50px&#8221;][\/vc_column][\/vc_row][vc_row content_width=&#8221;grid&#8221; content_aligment=&#8221;center&#8221; css=&#8221;.vc_custom_1530865461972{background-image: url(https:\/\/provider.pl\/wp-content\/uploads\/wave_line_straight_color1.jpg?id=6500) !important;}&#8221; el_class=&#8221;wave_line_straight_color1&#8243;][vc_column][vc_empty_space height=&#8221;50px&#8221;][vc_empty_space height=&#8221;50px&#8221;][\/vc_column][\/vc_row][vc_row content_aligment=&#8221;center&#8221;][vc_column][vc_column_text]<p>[vc_row content_aligment=&#8221;center&#8221; css=&#8221;.vc_custom_1531225872566{padding-bottom: 110px !important;background-position: center !important;background-repeat: no-repeat !important;background-size: cover !important;}&#8221;][vc_column][\/vc_column][\/vc_row][vc_row content_width=&#8221;grid&#8221; content_aligment=&#8221;center&#8221;][vc_column][vc_column_text]<\/p>\n<h1>Contact Form<\/h1>\n<p>[\/vc_column_text][vc_raw_html css=&#8221;.vc_custom_1523606799344{padding-bottom: 40px !important;}&#8221;]JTNDZGl2JTIwY2xhc3MlM0QlMjJxb2RlZi1zZXBhcmF0b3ItaG9sZGVyJTIwY2xlYXJmaXglMjAlMjBxb2RlZi1zZXBhcmF0b3ItbGVmdCUyMiUyMHN0eWxlJTNEJTIydGV4dC1hbGlnbiUzQSUyMGNlbnRlciUzQiUyMiUzRSUwQSUyMCUyMCUyMCUyMCUzQ2RpdiUyMGNsYXNzJTNEJTIycW9kZWYtc2VwYXJhdG9yJTIyJTIwc3R5bGUlM0QlMjJib3JkZXItY29sb3IlM0ElMjAlMjM4YzAyNjYlM0Jib3JkZXItcmFkaXVzJTNBJTIwM3B4JTNCd2lkdGglM0ElMjA5MXB4JTNCYm9yZGVyLWJvdHRvbS13aWR0aCUzQSUyMDVweCUyMiUzRSUzQyUyRmRpdiUzRSUwQSUzQyUyRmRpdiUzRQ==[\/vc_raw_html][vc_column_text css=&#8221;.vc_custom_1546437969292{padding-right: 40px !important;padding-bottom: 40px !important;padding-left: 40px !important;}&#8221;]<\/p>\n<p style=\"text-align: center;\">If you have any additional questions or concerns.<\/p>\n<p style=\"text-align: center;\">We invite you to contact us.<\/p>\n<p style=\"text-align: center;\">We will try to answer all your questions.<\/p>\n<p>[\/vc_column_text][vc_raw_html css=&#8221;.vc_custom_1547648958152{padding-bottom: 40px !important;}&#8221;]JTNDYSUyMGl0ZW1wcm9wJTNEJTIydXJsJTIyJTIwaHJlZiUzRCUyMiUyRmVuJTJGY29udGFjdC1mb3JtJTJGJTIyJTIwdGFyZ2V0JTNEJTIyX3NlbGYlMjIlMjBzdHlsZSUzRCUyMmNvbG9yJTNBJTIwJTIzZmZmZmZmJTNCYmFja2dyb3VuZC1jb2xvciUzQSUyMCUyMzI0MjYyYSUzQmJvcmRlci1jb2xvciUzQSUyMCUyMzI0MjYyYSUzQmJvcmRlci1yYWRpdXMlM0ElMjA1cHglMjIlMjBjbGFzcyUzRCUyMnFvZGVmLWJ0biUyMHFvZGVmLWJ0bi1sYXJnZSUyMHFvZGVmLWJ0bi1zb2xpZCUyMHFvZGVmLWJ0bi1jdXN0b20taG92ZXItYmclMjBxb2RlZi1idG4tY3VzdG9tLWJvcmRlci1ob3ZlciUyMHFvZGVmLWJ0bi1jdXN0b20taG92ZXItY29sb3IlMjBxb2RlZi1idG4taG92ZXItc2NhbGUlMjIlMjBkYXRhLWhvdmVyLWJnLWNvbG9yJTNEJTIyJTIzYTUxMTJmJTIyJTIwZGF0YS1ob3Zlci1jb2xvciUzRCUyMiUyM2ZmZmZmZiUyMiUyMGRhdGEtaG92ZXItYm9yZGVyLWNvbG9yJTNEJTIyJTIzYTUxMTJmJTIyJTNFJTBBJTIwJTIwJTIwJTIwJTNDc3BhbiUyMGNsYXNzJTNEJTIycW9kZWYtYnRuLXRleHQlMjIlM0VGSUxMJTIwVEhFJTIwRk9STSUzQyUyRnNwYW4lM0UlMEElMjAlMjAlMjAlMjAlM0NzcGFuJTIwY2xhc3MlM0QlMjJxb2RlZi1idG4taWNvbi1ub3JtYWwlMjIlM0UlM0MlMkZzcGFuJTNFJTBBJTIwJTIwJTIwJTIwJTNDc3BhbiUyMGNsYXNzJTNEJTIycW9kZWYtYnRuLWljb24tZmxpcCUyMiUzRSUzQyUyRnNwYW4lM0UlMEElMjAlMjAlMjAlMjAlMjAlMjAlMjAlMjAlMDklM0NzcGFuJTIwY2xhc3MlM0QlMjJxb2RlZi1ob3Zlci1iYWNrZ3JvdW5kJTIyJTIwc3R5bGUlM0QlMjJiYWNrZ3JvdW5kLWNvbG9yJTNBJTIwcmdiJTI4MTY1JTJDJTIwMTclMkMlMjA0NyUyOSUzQiUyMGJvcmRlci1jb2xvciUzQSUyMHJnYiUyODE2NSUyQyUyMDE3JTJDJTIwNDclMjklM0IlMjB0b3AlM0ElMjAtMnB4JTNCJTIwbGVmdCUzQSUyMC0ycHglM0IlMjBib3JkZXItd2lkdGglM0ElMjAycHglM0IlMjBib3JkZXItcmFkaXVzJTNBJTIwMTAwJTI1JTNCJTIyJTNFJTNDJTJGc3BhbiUzRSUwQSUyMCUyMCUyMCUyMCUwQSUyMCUyMCUyMCUyMCUzQyUyRmElM0U=[\/vc_raw_html][vc_empty_space height=&#8221;50px&#8221;][\/vc_column][\/vc_row]<\/p>\n<style type=\"text\/css\" data-type=\"vc_shortcodes-custom-css\">.vc_custom_1531225872566{padding-bottom: 110px !important;background-position: center !important;background-repeat: no-repeat !important;background-size: cover !important;}.vc_custom_1523606799344{padding-bottom: 40px !important;}.vc_custom_1546437969292{padding-right: 40px !important;padding-bottom: 40px !important;padding-left: 40px !important;}.vc_custom_1547648958152{padding-bottom: 40px !important;}<\/style>[\/vc_column_text][\/vc_column][\/vc_row]<\/p>\n","protected":false},"excerpt":{"rendered":"<p>[vc_row content_width=&#8221;grid&#8221; content_aligment=&#8221;center&#8221; css=&#8221;.vc_custom_1530863399556{padding-top: 185px !important;padding-bottom: 0px !important;background: #f6f7fc url(https:\/\/provider.pl\/wp-content\/uploads\/line1.png?id=6165) !important;}&#8221; el_class=&#8221;top_boxes_line_site&#8221;][vc_column][vc_column_text css=&#8221;.vc_custom_1546419753673{margin-bottom: 30px !important;}&#8221;] Domain pricing [\/vc_column_text][vc_empty_space height=&#8221;50px&#8221;][vc_column_text css=&#8221;.vc_custom_1546419771255{margin-bottom: 30px !important;}&#8221;] Most often chosen [\/vc_column_text][vc_empty_space height=&#8221;50px&#8221;][vc_column_text] domain registration renewal for a year .pl 10,00 z\u0142 80,00 z\u0142 .com.pl 7,50 z\u0142 60,00 z\u0142 .wroclaw.pl 7,50&#8230;<\/p>\n","protected":false},"author":2,"featured_media":0,"parent":0,"menu_order":0,"comment_status":"closed","ping_status":"closed","template":"full-width.php","meta":{"_acf_changed":false,"inline_featured_image":false,"footnotes":""},"class_list":["post-8628","page","type-page","status-publish","hentry"],"acf":[],"yoast_head":"<!-- This site is optimized with the Yoast SEO plugin v27.3 - https:\/\/yoast.com\/product\/yoast-seo-wordpress\/ -->\n<title>Domain pricing - Host Provider<\/title>\n<meta name=\"description\" content=\"Cennik domen - Sprawd\u017a ceny domen\" \/>\n<meta name=\"robots\" content=\"index, follow, max-snippet:-1, max-image-preview:large, max-video-preview:-1\" \/>\n<link rel=\"canonical\" href=\"https:\/\/provider.pl\/en\/domain-pricing\/\" \/>\n<meta property=\"og:locale\" content=\"en_US\" \/>\n<meta property=\"og:type\" content=\"article\" \/>\n<meta property=\"og:title\" content=\"Domain pricing - Host Provider\" \/>\n<meta property=\"og:description\" content=\"Cennik domen - Sprawd\u017a ceny domen\" \/>\n<meta property=\"og:url\" content=\"https:\/\/provider.pl\/en\/domain-pricing\/\" \/>\n<meta property=\"og:site_name\" content=\"Host Provider\" \/>\n<meta property=\"article:publisher\" content=\"https:\/\/www.facebook.com\/PROVIDERPL\" \/>\n<meta property=\"article:modified_time\" content=\"2019-01-31T11:44:43+00:00\" \/>\n<meta name=\"twitter:card\" content=\"summary_large_image\" \/>\n<meta name=\"twitter:label1\" content=\"Est. reading time\" \/>\n\t<meta name=\"twitter:data1\" content=\"2 minutes\" \/>\n<script type=\"application\/ld+json\" class=\"yoast-schema-graph\">{\"@context\":\"https:\\\/\\\/schema.org\",\"@graph\":[{\"@type\":\"WebPage\",\"@id\":\"https:\\\/\\\/provider.pl\\\/en\\\/domain-pricing\\\/\",\"url\":\"https:\\\/\\\/provider.pl\\\/en\\\/domain-pricing\\\/\",\"name\":\"Domain pricing - Host Provider\",\"isPartOf\":{\"@id\":\"https:\\\/\\\/provider.pl\\\/#website\"},\"datePublished\":\"2018-08-17T14:55:52+00:00\",\"dateModified\":\"2019-01-31T11:44:43+00:00\",\"description\":\"Cennik domen - Sprawd\u017a ceny domen\",\"breadcrumb\":{\"@id\":\"https:\\\/\\\/provider.pl\\\/en\\\/domain-pricing\\\/#breadcrumb\"},\"inLanguage\":\"en-US\",\"potentialAction\":[{\"@type\":\"ReadAction\",\"target\":[\"https:\\\/\\\/provider.pl\\\/en\\\/domain-pricing\\\/\"]}]},{\"@type\":\"BreadcrumbList\",\"@id\":\"https:\\\/\\\/provider.pl\\\/en\\\/domain-pricing\\\/#breadcrumb\",\"itemListElement\":[{\"@type\":\"ListItem\",\"position\":1,\"name\":\"Strona g\u0142\u00f3wna\",\"item\":\"https:\\\/\\\/provider.pl\\\/en\\\/\"},{\"@type\":\"ListItem\",\"position\":2,\"name\":\"Domain pricing\"}]},{\"@type\":\"WebSite\",\"@id\":\"https:\\\/\\\/provider.pl\\\/#website\",\"url\":\"https:\\\/\\\/provider.pl\\\/\",\"name\":\"Provider Sp. z o.o.\",\"description\":\"Host Provider - Strony www, hosting, pozycjonowanie, domeny\",\"publisher\":{\"@id\":\"https:\\\/\\\/provider.pl\\\/#organization\"},\"potentialAction\":[{\"@type\":\"SearchAction\",\"target\":{\"@type\":\"EntryPoint\",\"urlTemplate\":\"https:\\\/\\\/provider.pl\\\/?s={search_term_string}\"},\"query-input\":{\"@type\":\"PropertyValueSpecification\",\"valueRequired\":true,\"valueName\":\"search_term_string\"}}],\"inLanguage\":\"en-US\"},{\"@type\":\"Organization\",\"@id\":\"https:\\\/\\\/provider.pl\\\/#organization\",\"name\":\"Provider Sp. z o.o.\",\"url\":\"https:\\\/\\\/provider.pl\\\/\",\"logo\":{\"@type\":\"ImageObject\",\"inLanguage\":\"en-US\",\"@id\":\"https:\\\/\\\/provider.pl\\\/#\\\/schema\\\/logo\\\/image\\\/\",\"url\":\"https:\\\/\\\/provider.pl\\\/wp-content\\\/uploads\\\/logo_provider_dark_red_bordo_2.png\",\"contentUrl\":\"https:\\\/\\\/provider.pl\\\/wp-content\\\/uploads\\\/logo_provider_dark_red_bordo_2.png\",\"width\":446,\"height\":320,\"caption\":\"Provider Sp. z o.o.\"},\"image\":{\"@id\":\"https:\\\/\\\/provider.pl\\\/#\\\/schema\\\/logo\\\/image\\\/\"},\"sameAs\":[\"https:\\\/\\\/www.facebook.com\\\/PROVIDERPL\"]}]}<\/script>\n<!-- \/ Yoast SEO plugin. -->","yoast_head_json":{"title":"Domain pricing - Host Provider","description":"Cennik domen - Sprawd\u017a ceny domen","robots":{"index":"index","follow":"follow","max-snippet":"max-snippet:-1","max-image-preview":"max-image-preview:large","max-video-preview":"max-video-preview:-1"},"canonical":"https:\/\/provider.pl\/en\/domain-pricing\/","og_locale":"en_US","og_type":"article","og_title":"Domain pricing - Host Provider","og_description":"Cennik domen - Sprawd\u017a ceny domen","og_url":"https:\/\/provider.pl\/en\/domain-pricing\/","og_site_name":"Host Provider","article_publisher":"https:\/\/www.facebook.com\/PROVIDERPL","article_modified_time":"2019-01-31T11:44:43+00:00","twitter_card":"summary_large_image","twitter_misc":{"Est. reading time":"2 minutes"},"schema":{"@context":"https:\/\/schema.org","@graph":[{"@type":"WebPage","@id":"https:\/\/provider.pl\/en\/domain-pricing\/","url":"https:\/\/provider.pl\/en\/domain-pricing\/","name":"Domain pricing - Host Provider","isPartOf":{"@id":"https:\/\/provider.pl\/#website"},"datePublished":"2018-08-17T14:55:52+00:00","dateModified":"2019-01-31T11:44:43+00:00","description":"Cennik domen - Sprawd\u017a ceny domen","breadcrumb":{"@id":"https:\/\/provider.pl\/en\/domain-pricing\/#breadcrumb"},"inLanguage":"en-US","potentialAction":[{"@type":"ReadAction","target":["https:\/\/provider.pl\/en\/domain-pricing\/"]}]},{"@type":"BreadcrumbList","@id":"https:\/\/provider.pl\/en\/domain-pricing\/#breadcrumb","itemListElement":[{"@type":"ListItem","position":1,"name":"Strona g\u0142\u00f3wna","item":"https:\/\/provider.pl\/en\/"},{"@type":"ListItem","position":2,"name":"Domain pricing"}]},{"@type":"WebSite","@id":"https:\/\/provider.pl\/#website","url":"https:\/\/provider.pl\/","name":"Provider Sp. z o.o.","description":"Host Provider - Strony www, hosting, pozycjonowanie, domeny","publisher":{"@id":"https:\/\/provider.pl\/#organization"},"potentialAction":[{"@type":"SearchAction","target":{"@type":"EntryPoint","urlTemplate":"https:\/\/provider.pl\/?s={search_term_string}"},"query-input":{"@type":"PropertyValueSpecification","valueRequired":true,"valueName":"search_term_string"}}],"inLanguage":"en-US"},{"@type":"Organization","@id":"https:\/\/provider.pl\/#organization","name":"Provider Sp. z o.o.","url":"https:\/\/provider.pl\/","logo":{"@type":"ImageObject","inLanguage":"en-US","@id":"https:\/\/provider.pl\/#\/schema\/logo\/image\/","url":"https:\/\/provider.pl\/wp-content\/uploads\/logo_provider_dark_red_bordo_2.png","contentUrl":"https:\/\/provider.pl\/wp-content\/uploads\/logo_provider_dark_red_bordo_2.png","width":446,"height":320,"caption":"Provider Sp. z o.o."},"image":{"@id":"https:\/\/provider.pl\/#\/schema\/logo\/image\/"},"sameAs":["https:\/\/www.facebook.com\/PROVIDERPL"]}]}},"_links":{"self":[{"href":"https:\/\/provider.pl\/en\/wp-json\/wp\/v2\/pages\/8628","targetHints":{"allow":["GET"]}}],"collection":[{"href":"https:\/\/provider.pl\/en\/wp-json\/wp\/v2\/pages"}],"about":[{"href":"https:\/\/provider.pl\/en\/wp-json\/wp\/v2\/types\/page"}],"author":[{"embeddable":true,"href":"https:\/\/provider.pl\/en\/wp-json\/wp\/v2\/users\/2"}],"replies":[{"embeddable":true,"href":"https:\/\/provider.pl\/en\/wp-json\/wp\/v2\/comments?post=8628"}],"version-history":[{"count":0,"href":"https:\/\/provider.pl\/en\/wp-json\/wp\/v2\/pages\/8628\/revisions"}],"wp:attachment":[{"href":"https:\/\/provider.pl\/en\/wp-json\/wp\/v2\/media?parent=8628"}],"curies":[{"name":"wp","href":"https:\/\/api.w.org\/{rel}","templated":true}]}}