
{"id":8660,"date":"2018-07-10T11:10:13","date_gmt":"2018-07-10T09:10:13","guid":{"rendered":"http:\/\/provider.pl\/vps-managed\/"},"modified":"2019-01-31T12:49:31","modified_gmt":"2019-01-31T11:49:31","slug":"vps-managed","status":"publish","type":"page","link":"https:\/\/provider.pl\/en\/vps-managed\/","title":{"rendered":"VPS Managed"},"content":{"rendered":"<p>[vc_row content_width=&#8221;grid&#8221; content_aligment=&#8221;center&#8221; css=&#8221;.vc_custom_1530863399556{padding-top: 185px !important;padding-bottom: 0px !important;background: #f6f7fc url(https:\/\/provider.pl\/wp-content\/uploads\/line1.png?id=6165) !important;}&#8221; el_class=&#8221;top_boxes_line_site&#8221;][vc_column][vc_column_text css=&#8221;.vc_custom_1540369598888{margin-bottom: 30px !important;}&#8221;]<\/p>\n<h1 style=\"text-align: center;\">VPS Managed<\/h1>\n<p>[\/vc_column_text][vc_column_text]<\/p>\n<p style=\"text-align: justify;\">Your application or website needs more resources, but you do not have time to independently manage the dedicated server? You&#8217;ve come to the right place! Our specialists will take care of the configuration and care for the server&#8217;s security while you calmly focus on developing your project. Our plans for managed VPS servers will allow you to match performance and resources to your even the most demanding project.<\/p>\n<p>[\/vc_column_text][vc_empty_space height=&#8221;50px&#8221;][vc_column_text css=&#8221;.vc_custom_1546436155489{margin-bottom: 30px !important;}&#8221;]<\/p>\n<h3 style=\"text-align: center;\">Choose your machine<\/h3>\n<p>[\/vc_column_text][\/vc_column][\/vc_row][vc_row content_width=&#8221;grid&#8221; content_aligment=&#8221;center&#8221; css=&#8221;.vc_custom_1530772993123{background-color: #f6f7fb !important;}&#8221;][vc_column offset=&#8221;vc_col-lg-3 vc_col-md-6&#8243;][vc_raw_html]JTVCZGlzcGxheS1wYWtpZXQlMjBwb3N0X3R5cGUlM0QlMjJwYWtpZXR5JTIyJTIwdGF4b25vbXklM0QlMjJwYWtpZXR5LWthdGVnb3JpZSUyMiUyMHRlcm0lM0QlMjJ2cHMtcm9vdCUyMiUyMGlkJTNEJTIyODgyMCUyMiU1RA==[\/vc_raw_html][\/vc_column][vc_column offset=&#8221;vc_col-lg-3 vc_col-md-6&#8243;][vc_raw_html]JTVCZGlzcGxheS1wYWtpZXQlMjBwb3N0X3R5cGUlM0QlMjJwYWtpZXR5JTIyJTIwdGF4b25vbXklM0QlMjJwYWtpZXR5LWthdGVnb3JpZSUyMiUyMHRlcm0lM0QlMjJ2cHMtcm9vdCUyMiUyMGlkJTNEJTIyODgyMSUyMiU1RA==[\/vc_raw_html][\/vc_column][vc_column offset=&#8221;vc_col-lg-3 vc_col-md-6&#8243;][vc_raw_html]JTVCZGlzcGxheS1wYWtpZXQlMjBwb3N0X3R5cGUlM0QlMjJwYWtpZXR5JTIyJTIwdGF4b25vbXklM0QlMjJwYWtpZXR5LWthdGVnb3JpZSUyMiUyMHRlcm0lM0QlMjJ2cHMtcm9vdCUyMiUyMGlkJTNEJTIyODgyMiUyMiU1RA==[\/vc_raw_html][\/vc_column][vc_column offset=&#8221;vc_col-lg-3 vc_col-md-6&#8243;][vc_raw_html]JTVCZGlzcGxheS1wYWtpZXQlMjBwb3N0X3R5cGUlM0QlMjJwYWtpZXR5JTIyJTIwdGF4b25vbXklM0QlMjJwYWtpZXR5LWthdGVnb3JpZSUyMiUyMHRlcm0lM0QlMjJ2cHMtcm9vdCUyMiUyMGlkJTNEJTIyODgyMyUyMiU1RA==[\/vc_raw_html][\/vc_column][vc_column][vc_empty_space][vc_column_text]<\/p>\n<p style=\"text-align: center;\"><a id=\"goparamsbtn\" href=\"#\">See full specification<\/a><\/p>\n<p>[\/vc_column_text][\/vc_column][\/vc_row][vc_row content_width=&#8221;grid&#8221; content_aligment=&#8221;center&#8221; css=&#8221;.vc_custom_1531202205728{background-image: url(https:\/\/provider.pl\/wp-content\/uploads\/wave_line_straight_color1.jpg?id=6500) !important;}&#8221; el_class=&#8221;wave_line_straight_color1&#8243;][vc_column][vc_column_text]<\/p>\n<div class=\"paramsdiv\">\n<h4>Parameters of the administration and hosting service with a dedicated server (VPS)<\/h4>\n<div class=\"qodef-service-table qodef-cols-2 rounded\">\n<div class=\"qodef-service-table-inner\">\n<table class=\"qodef-service-table-holder smalltable params nocolwidth\">\n<tbody>\n<tr>\n<td>Choose a plan for yourself<\/td>\n<td>\n<h5>VPS MANAGED<br \/>\nStart<\/h5>\n<p><strong>299 z\u0142 net \/ year<\/strong><\/td>\n<td>\n<h5>VPS MANAGED<br \/>\nBiznes<\/h5>\n<p><strong>499 z\u0142 net \/ year<\/strong><\/td>\n<td>\n<h5>VPS MANAGED<br \/>\nEnterprise<\/h5>\n<p><strong>799 z\u0142 net \/ year<\/strong><\/td>\n<td>\n<h5>VPS MANAGED<br \/>\nPlatinum<\/h5>\n<p><strong>1599 z\u0142 net \/ year<\/strong><\/td>\n<\/tr>\n<tr>\n<td class=\"tdspecial\" style=\"text-align: center; color: #000000; font-weight: bold; width: 1058px;\" colspan=\"5\">Parameters<\/td>\n<\/tr>\n<tr>\n<td>Cluster www<\/td>\n<td>All-in -one<\/td>\n<td>All-in -one<\/td>\n<td>All-in -one<\/td>\n<td>Tak<\/td>\n<\/tr>\n<tr>\n<td>Capacity<\/td>\n<td>100 GB SATA<\/td>\n<td>200 GB SATA<\/td>\n<td>400 GB SATA lub 40 GB SDD<\/td>\n<td>1TB SATA lub 100 GB SDD<\/td>\n<\/tr>\n<tr>\n<td>RAM<\/td>\n<td>2 GB<\/td>\n<td>4 GB<\/td>\n<td>8GB<\/td>\n<td>16GB<\/td>\n<\/tr>\n<tr>\n<td>CPU<\/td>\n<td>1&#215;3.33Ghz<\/td>\n<td>1&#215;3.33GHz<\/td>\n<td>2&#215;3.33GHz<\/td>\n<td>4&#215;3.33GHz<\/td>\n<\/tr>\n<tr>\n<td>The maximum number of system files on the disk*<\/td>\n<td>200000<\/td>\n<td>400000<\/td>\n<td>800000 (SATA) or 200.000 (SSD)<\/td>\n<td>800000 (SATA) or 200.000 (SSD)<\/td>\n<\/tr>\n<tr>\n<td>Maximum number of disk operations per second (IOPS)<\/td>\n<td>100<\/td>\n<td>150<\/td>\n<td>200<\/td>\n<td>400 (SATA) or 800 (SSD)<\/td>\n<\/tr>\n<tr>\n<td class=\"tdspecial\" style=\"text-align: center; color: #000000; font-weight: bold; width: 1058px;\" colspan=\"5\">Zalety<\/td>\n<\/tr>\n<tr>\n<td>Management<\/td>\n<td>Yes<\/td>\n<td>Yes<\/td>\n<td>Yes<\/td>\n<td>Yes<\/td>\n<\/tr>\n<\/tbody>\n<\/table>\n<\/div>\n<\/div>\n<p style=\"text-align: left;\"><small><br \/>\n* The maximum number of system files de facto refers to the number of handles (inode); one large file can occupy several inodes.<\/small><\/p>\n<\/div>\n<p>[\/vc_column_text][vc_empty_space height=&#8221;50px&#8221;][vc_empty_space height=&#8221;50px&#8221;][vc_column_text css=&#8221;.vc_custom_1547547927722{margin-bottom: 30px !important;}&#8221;]<\/p>\n<h3 style=\"text-align: center; color: #8c0266;\">The Advantages of Our Servers<\/h3>\n<p>[\/vc_column_text][\/vc_column][\/vc_row][vc_row content_width=&#8221;grid&#8221; css=&#8221;.vc_custom_1530778302305{margin-bottom: 20px !important;}&#8221;][vc_column width=&#8221;1\/2&#8243;]<div class=\"qodef-elements-holder qodef-responsive-mode-768\" ><div class=\"qodef-elements-holder-item qodef-y-translate\" data-animation=\"qodef-y-translate\" style=\"transition-delay:50ms;-webkit-transition-delay:50ms\" data-item-class=\"qodef-elements-holder-custom-910711\">\n    <div class=\"qodef-elements-holder-item-inner\">\n        <div class=\"qodef-elements-holder-item-content qodef-elements-holder-custom-910711\" style=\"padding: 0 0 0 0\">\n            <div class=\"qodef-iwt clearfix qodef-iwt-icon-left qodef-iwt-icon-tiny\"  >\n    <div class=\"qodef-iwt-icon-holder\">\n                    <span class=\"qodef-icon-animation-holder\" style=\"transition-delay: 500ms;-webkit-transition-delay: 500ms;-moz-transition-delay: 500ms;-ms-transition-delay: 500ms\">\n\n    <span class=\"qodef-icon-shortcode normal qodef-icon-animation\"  data-animation-delay=\"500\" data-color=\"#e4e6e9\">\n                                <span class=\"icon-normal\"><i class=\"qodef-icon-simple-line-icon icon-envelope-letter qodef-icon-element\" style=\"color: #e4e6e9;font-size:52px\" ><\/i><\/span>\n\n            \n             \n                <\/span>\n\n        <\/span>\n            <\/div>\n    <div class=\"qodef-iwt-content-holder\" style=\"padding-left: 80px\">\n        <div class=\"qodef-iwt-title-holder\">\n            <h4 >\n            E-mail technologies        <\/h4>\n    <\/div>\n    <div class=\"qodef-iwt-text-holder\">\n        <p ><\/p>\n\n            <\/div>\n<\/div>\n<\/div>[vc_column_text css_animation=&#8221;fadeIn&#8221;]<\/p>\n<ul class=\"c-grey-6 fw-100\">\n<li>SpamAssasin<\/li>\n<li>The author&#8217;s transparent postal panel<\/li>\n<li>Antispam settings and rules per account<\/li>\n<li>Webmail Roundcube (or any other)<\/li>\n<li>Mail via SSL \/ TLS<\/li>\n<\/ul>\n<p>[\/vc_column_text][vc_empty_space height=&#8221;30px&#8221;]        <\/div>\n    <\/div>\n<\/div><\/div>[\/vc_column][vc_column width=&#8221;1\/2&#8243;]<div class=\"qodef-elements-holder qodef-responsive-mode-768\" ><div class=\"qodef-elements-holder-item qodef-y-translate\" data-animation=\"qodef-y-translate\" style=\"transition-delay:100ms;-webkit-transition-delay:100ms\" data-item-class=\"qodef-elements-holder-custom-589593\">\n    <div class=\"qodef-elements-holder-item-inner\">\n        <div class=\"qodef-elements-holder-item-content qodef-elements-holder-custom-589593\" style=\"padding: 0 0 0 0\">\n            <div class=\"qodef-iwt clearfix qodef-iwt-icon-left qodef-iwt-icon-tiny\"  >\n    <div class=\"qodef-iwt-icon-holder\">\n                    <span class=\"qodef-icon-animation-holder\" style=\"transition-delay: 500ms;-webkit-transition-delay: 500ms;-moz-transition-delay: 500ms;-ms-transition-delay: 500ms\">\n\n    <span class=\"qodef-icon-shortcode normal qodef-icon-animation\"  data-animation-delay=\"500\" data-color=\"#e4e6e9\">\n                                <span class=\"icon-normal\"><i class=\"qodef-icon-simple-line-icon icon-settings qodef-icon-element\" style=\"color: #e4e6e9;font-size:52px\" ><\/i><\/span>\n\n            \n             \n                <\/span>\n\n        <\/span>\n            <\/div>\n    <div class=\"qodef-iwt-content-holder\" style=\"padding-left: 80px\">\n        <div class=\"qodef-iwt-title-holder\">\n            <h4 >\n            Website technologies        <\/h4>\n    <\/div>\n    <div class=\"qodef-iwt-text-holder\">\n        <p ><\/p>\n\n            <\/div>\n<\/div>\n<\/div>[vc_column_text css_animation=&#8221;fadeIn&#8221;]<\/p>\n<ul class=\"\">\n<li>Apache or Nginx<\/li>\n<li>PHP 7 + OPcache (or any other version)<\/li>\n<li>MySQL 8.0 (or any other version)<\/li>\n<li>PHP version change<\/li>\n<li>PHP.ini settings<\/li>\n<li>Own .htaccess<\/li>\n<li>CRON tasks<\/li>\n<li>CGI support<\/li>\n<li>IonCube PHP Loader<\/li>\n<li>Any modules or extensions<\/li>\n<\/ul>\n<p>[\/vc_column_text][vc_empty_space height=&#8221;30px&#8221;]        <\/div>\n    <\/div>\n<\/div><\/div>[\/vc_column][\/vc_row][vc_row content_width=&#8221;grid&#8221; css=&#8221;.vc_custom_1530778289850{margin-bottom: 20px !important;}&#8221;][vc_column width=&#8221;1\/2&#8243;]<div class=\"qodef-elements-holder qodef-responsive-mode-768\" ><div class=\"qodef-elements-holder-item qodef-y-translate\" data-animation=\"qodef-y-translate\"  data-item-class=\"qodef-elements-holder-custom-307142\">\n    <div class=\"qodef-elements-holder-item-inner\">\n        <div class=\"qodef-elements-holder-item-content qodef-elements-holder-custom-307142\" style=\"padding: 0 0 0 0\">\n            <div class=\"qodef-iwt clearfix qodef-iwt-icon-left qodef-iwt-icon-tiny\"  >\n    <div class=\"qodef-iwt-icon-holder\">\n                    <span class=\"qodef-icon-animation-holder\" style=\"transition-delay: 500ms;-webkit-transition-delay: 500ms;-moz-transition-delay: 500ms;-ms-transition-delay: 500ms\">\n\n    <span class=\"qodef-icon-shortcode normal qodef-icon-animation\"  data-animation-delay=\"500\" data-color=\"#e4e6e9\">\n                                <span class=\"icon-normal\"><i class=\"qodef-icon-simple-line-icon icon-cursor qodef-icon-element\" style=\"color: #e4e6e9;font-size:52px\" ><\/i><\/span>\n\n            \n             \n                <\/span>\n\n        <\/span>\n            <\/div>\n    <div class=\"qodef-iwt-content-holder\" style=\"padding-left: 80px\">\n        <div class=\"qodef-iwt-title-holder\">\n            <h4 >\n            Programmers friendly        <\/h4>\n    <\/div>\n    <div class=\"qodef-iwt-text-holder\">\n        <p ><\/p>\n\n            <\/div>\n<\/div>\n<\/div>[vc_column_text css_animation=&#8221;fadeIn&#8221;]<\/p>\n<div style=\"max-width: 455px; text-align: justify; margin-top: 17px;\">\n<p>The possibility of installing any programming environment.<br \/>\nDo you need Node.js, MongoDB or any other database? Or maybe you work on Docker containers or you need a specific linux distribution &#8211; no problem our specialists will install them for you<\/p>\n<\/div>\n<p>[\/vc_column_text][vc_empty_space height=&#8221;30px&#8221;]        <\/div>\n    <\/div>\n<\/div><\/div>[\/vc_column][vc_column width=&#8221;1\/2&#8243;]<div class=\"qodef-elements-holder qodef-responsive-mode-768\" ><div class=\"qodef-elements-holder-item qodef-y-translate\" data-animation=\"qodef-y-translate\" style=\"transition-delay:50ms;-webkit-transition-delay:50ms\" data-item-class=\"qodef-elements-holder-custom-500867\">\n    <div class=\"qodef-elements-holder-item-inner\">\n        <div class=\"qodef-elements-holder-item-content qodef-elements-holder-custom-500867\" style=\"padding: 0 0 0 0\">\n            <div class=\"qodef-iwt clearfix qodef-iwt-icon-left qodef-iwt-icon-tiny\"  >\n    <div class=\"qodef-iwt-icon-holder\">\n                    <span class=\"qodef-icon-animation-holder\" style=\"transition-delay: 500ms;-webkit-transition-delay: 500ms;-moz-transition-delay: 500ms;-ms-transition-delay: 500ms\">\n\n    <span class=\"qodef-icon-shortcode normal qodef-icon-animation\"  data-animation-delay=\"500\" data-color=\"#e4e6e9\">\n                                <span class=\"icon-normal\"><i class=\"qodef-icon-simple-line-icon icon-refresh qodef-icon-element\" style=\"color: #e4e6e9;font-size:52px\" ><\/i><\/span>\n\n            \n             \n                <\/span>\n\n        <\/span>\n            <\/div>\n    <div class=\"qodef-iwt-content-holder\" style=\"padding-left: 80px\">\n        <div class=\"qodef-iwt-title-holder\">\n            <h4 >\n            Security        <\/h4>\n    <\/div>\n    <div class=\"qodef-iwt-text-holder\">\n        <p ><\/p>\n\n            <\/div>\n<\/div>\n<\/div>[vc_column_text css_animation=&#8221;fadeIn&#8221;]<\/p>\n<ul>\n<li>24\/7 monitoring<\/li>\n<li>Continuous updates<\/li>\n<li>2x independent fiber optic links<\/li>\n<li>Static and DRUPS system<\/li>\n<li>Double disk arrays<\/li>\n<li>All redundant devices<\/li>\n<\/ul>\n<p>[\/vc_column_text][vc_empty_space height=&#8221;30px&#8221;]        <\/div>\n    <\/div>\n<\/div><\/div>[\/vc_column][\/vc_row][vc_row content_aligment=&#8221;center&#8221; css=&#8221;.vc_custom_1531283420688{padding-bottom: 110px !important;background-position: center !important;background-repeat: no-repeat !important;background-size: cover !important;}&#8221;][vc_column][vc_column_text]<p>[vc_row content_aligment=&#8221;center&#8221; css=&#8221;.vc_custom_1531225872566{padding-bottom: 110px !important;background-position: center !important;background-repeat: no-repeat !important;background-size: cover !important;}&#8221;][vc_column][\/vc_column][\/vc_row][vc_row content_width=&#8221;grid&#8221; content_aligment=&#8221;center&#8221;][vc_column][vc_column_text]<\/p>\n<h1>Contact Form<\/h1>\n<p>[\/vc_column_text][vc_raw_html css=&#8221;.vc_custom_1523606799344{padding-bottom: 40px !important;}&#8221;]JTNDZGl2JTIwY2xhc3MlM0QlMjJxb2RlZi1zZXBhcmF0b3ItaG9sZGVyJTIwY2xlYXJmaXglMjAlMjBxb2RlZi1zZXBhcmF0b3ItbGVmdCUyMiUyMHN0eWxlJTNEJTIydGV4dC1hbGlnbiUzQSUyMGNlbnRlciUzQiUyMiUzRSUwQSUyMCUyMCUyMCUyMCUzQ2RpdiUyMGNsYXNzJTNEJTIycW9kZWYtc2VwYXJhdG9yJTIyJTIwc3R5bGUlM0QlMjJib3JkZXItY29sb3IlM0ElMjAlMjM4YzAyNjYlM0Jib3JkZXItcmFkaXVzJTNBJTIwM3B4JTNCd2lkdGglM0ElMjA5MXB4JTNCYm9yZGVyLWJvdHRvbS13aWR0aCUzQSUyMDVweCUyMiUzRSUzQyUyRmRpdiUzRSUwQSUzQyUyRmRpdiUzRQ==[\/vc_raw_html][vc_column_text css=&#8221;.vc_custom_1546437969292{padding-right: 40px !important;padding-bottom: 40px !important;padding-left: 40px !important;}&#8221;]<\/p>\n<p style=\"text-align: center;\">If you have any additional questions or concerns.<\/p>\n<p style=\"text-align: center;\">We invite you to contact us.<\/p>\n<p style=\"text-align: center;\">We will try to answer all your questions.<\/p>\n<p>[\/vc_column_text][vc_raw_html css=&#8221;.vc_custom_1547648958152{padding-bottom: 40px !important;}&#8221;]JTNDYSUyMGl0ZW1wcm9wJTNEJTIydXJsJTIyJTIwaHJlZiUzRCUyMiUyRmVuJTJGY29udGFjdC1mb3JtJTJGJTIyJTIwdGFyZ2V0JTNEJTIyX3NlbGYlMjIlMjBzdHlsZSUzRCUyMmNvbG9yJTNBJTIwJTIzZmZmZmZmJTNCYmFja2dyb3VuZC1jb2xvciUzQSUyMCUyMzI0MjYyYSUzQmJvcmRlci1jb2xvciUzQSUyMCUyMzI0MjYyYSUzQmJvcmRlci1yYWRpdXMlM0ElMjA1cHglMjIlMjBjbGFzcyUzRCUyMnFvZGVmLWJ0biUyMHFvZGVmLWJ0bi1sYXJnZSUyMHFvZGVmLWJ0bi1zb2xpZCUyMHFvZGVmLWJ0bi1jdXN0b20taG92ZXItYmclMjBxb2RlZi1idG4tY3VzdG9tLWJvcmRlci1ob3ZlciUyMHFvZGVmLWJ0bi1jdXN0b20taG92ZXItY29sb3IlMjBxb2RlZi1idG4taG92ZXItc2NhbGUlMjIlMjBkYXRhLWhvdmVyLWJnLWNvbG9yJTNEJTIyJTIzYTUxMTJmJTIyJTIwZGF0YS1ob3Zlci1jb2xvciUzRCUyMiUyM2ZmZmZmZiUyMiUyMGRhdGEtaG92ZXItYm9yZGVyLWNvbG9yJTNEJTIyJTIzYTUxMTJmJTIyJTNFJTBBJTIwJTIwJTIwJTIwJTNDc3BhbiUyMGNsYXNzJTNEJTIycW9kZWYtYnRuLXRleHQlMjIlM0VGSUxMJTIwVEhFJTIwRk9STSUzQyUyRnNwYW4lM0UlMEElMjAlMjAlMjAlMjAlM0NzcGFuJTIwY2xhc3MlM0QlMjJxb2RlZi1idG4taWNvbi1ub3JtYWwlMjIlM0UlM0MlMkZzcGFuJTNFJTBBJTIwJTIwJTIwJTIwJTNDc3BhbiUyMGNsYXNzJTNEJTIycW9kZWYtYnRuLWljb24tZmxpcCUyMiUzRSUzQyUyRnNwYW4lM0UlMEElMjAlMjAlMjAlMjAlMjAlMjAlMjAlMjAlMDklM0NzcGFuJTIwY2xhc3MlM0QlMjJxb2RlZi1ob3Zlci1iYWNrZ3JvdW5kJTIyJTIwc3R5bGUlM0QlMjJiYWNrZ3JvdW5kLWNvbG9yJTNBJTIwcmdiJTI4MTY1JTJDJTIwMTclMkMlMjA0NyUyOSUzQiUyMGJvcmRlci1jb2xvciUzQSUyMHJnYiUyODE2NSUyQyUyMDE3JTJDJTIwNDclMjklM0IlMjB0b3AlM0ElMjAtMnB4JTNCJTIwbGVmdCUzQSUyMC0ycHglM0IlMjBib3JkZXItd2lkdGglM0ElMjAycHglM0IlMjBib3JkZXItcmFkaXVzJTNBJTIwMTAwJTI1JTNCJTIyJTNFJTNDJTJGc3BhbiUzRSUwQSUyMCUyMCUyMCUyMCUwQSUyMCUyMCUyMCUyMCUzQyUyRmElM0U=[\/vc_raw_html][vc_empty_space height=&#8221;50px&#8221;][\/vc_column][\/vc_row]<\/p>\n<style type=\"text\/css\" data-type=\"vc_shortcodes-custom-css\">.vc_custom_1531225872566{padding-bottom: 110px !important;background-position: center !important;background-repeat: no-repeat !important;background-size: cover !important;}.vc_custom_1523606799344{padding-bottom: 40px !important;}.vc_custom_1546437969292{padding-right: 40px !important;padding-bottom: 40px !important;padding-left: 40px !important;}.vc_custom_1547648958152{padding-bottom: 40px !important;}<\/style>[\/vc_column_text][\/vc_column][\/vc_row]<\/p>\n","protected":false},"excerpt":{"rendered":"<p>[vc_row content_width=&#8221;grid&#8221; content_aligment=&#8221;center&#8221; css=&#8221;.vc_custom_1530863399556{padding-top: 185px !important;padding-bottom: 0px !important;background: #f6f7fc url(https:\/\/provider.pl\/wp-content\/uploads\/line1.png?id=6165) !important;}&#8221; el_class=&#8221;top_boxes_line_site&#8221;][vc_column][vc_column_text css=&#8221;.vc_custom_1540369598888{margin-bottom: 30px !important;}&#8221;] VPS Managed [\/vc_column_text][vc_column_text] Your application or website needs more resources, but you do not have time to independently manage the dedicated server? You&#8217;ve come to the right place! Our specialists&#8230;<\/p>\n","protected":false},"author":2,"featured_media":0,"parent":0,"menu_order":0,"comment_status":"closed","ping_status":"closed","template":"full-width.php","meta":{"_acf_changed":false,"inline_featured_image":false,"footnotes":""},"class_list":["post-8660","page","type-page","status-publish","hentry"],"acf":[],"yoast_head":"<!-- This site is optimized with the Yoast SEO plugin v27.3 - https:\/\/yoast.com\/product\/yoast-seo-wordpress\/ -->\n<title>VPS Managed - Host Provider<\/title>\n<meta name=\"description\" content=\"Zarz\u0105dzane dedykowane serwery VPS od 299 z\u0142\/rok. Nasi specjali\u015bci zajm\u0105 si\u0119 konfiguracj\u0105 oraz dbaniem o bezpiecze\u0144stwo serwera a Ty w tym czasie spokojnie skupisz si\u0119 na rozwijaniu swojego projektu.\" \/>\n<meta name=\"robots\" content=\"index, follow, max-snippet:-1, max-image-preview:large, max-video-preview:-1\" \/>\n<link rel=\"canonical\" href=\"https:\/\/provider.pl\/en\/vps-managed\/\" \/>\n<meta property=\"og:locale\" content=\"en_US\" \/>\n<meta property=\"og:type\" content=\"article\" \/>\n<meta property=\"og:title\" content=\"VPS Managed - Host Provider\" \/>\n<meta property=\"og:description\" content=\"Zarz\u0105dzane dedykowane serwery VPS od 299 z\u0142\/rok. Nasi specjali\u015bci zajm\u0105 si\u0119 konfiguracj\u0105 oraz dbaniem o bezpiecze\u0144stwo serwera a Ty w tym czasie spokojnie skupisz si\u0119 na rozwijaniu swojego projektu.\" \/>\n<meta property=\"og:url\" content=\"https:\/\/provider.pl\/en\/vps-managed\/\" \/>\n<meta property=\"og:site_name\" content=\"Host Provider\" \/>\n<meta property=\"article:publisher\" content=\"https:\/\/www.facebook.com\/PROVIDERPL\" \/>\n<meta property=\"article:modified_time\" content=\"2019-01-31T11:49:31+00:00\" \/>\n<meta name=\"twitter:card\" content=\"summary_large_image\" \/>\n<meta name=\"twitter:label1\" content=\"Est. reading time\" \/>\n\t<meta name=\"twitter:data1\" content=\"5 minutes\" \/>\n<script type=\"application\/ld+json\" class=\"yoast-schema-graph\">{\"@context\":\"https:\\\/\\\/schema.org\",\"@graph\":[{\"@type\":\"WebPage\",\"@id\":\"https:\\\/\\\/provider.pl\\\/en\\\/vps-managed\\\/\",\"url\":\"https:\\\/\\\/provider.pl\\\/en\\\/vps-managed\\\/\",\"name\":\"VPS Managed - Host Provider\",\"isPartOf\":{\"@id\":\"https:\\\/\\\/provider.pl\\\/#website\"},\"datePublished\":\"2018-07-10T09:10:13+00:00\",\"dateModified\":\"2019-01-31T11:49:31+00:00\",\"description\":\"Zarz\u0105dzane dedykowane serwery VPS od 299 z\u0142\\\/rok. Nasi specjali\u015bci zajm\u0105 si\u0119 konfiguracj\u0105 oraz dbaniem o bezpiecze\u0144stwo serwera a Ty w tym czasie spokojnie skupisz si\u0119 na rozwijaniu swojego projektu.\",\"breadcrumb\":{\"@id\":\"https:\\\/\\\/provider.pl\\\/en\\\/vps-managed\\\/#breadcrumb\"},\"inLanguage\":\"en-US\",\"potentialAction\":[{\"@type\":\"ReadAction\",\"target\":[\"https:\\\/\\\/provider.pl\\\/en\\\/vps-managed\\\/\"]}]},{\"@type\":\"BreadcrumbList\",\"@id\":\"https:\\\/\\\/provider.pl\\\/en\\\/vps-managed\\\/#breadcrumb\",\"itemListElement\":[{\"@type\":\"ListItem\",\"position\":1,\"name\":\"Strona g\u0142\u00f3wna\",\"item\":\"https:\\\/\\\/provider.pl\\\/en\\\/\"},{\"@type\":\"ListItem\",\"position\":2,\"name\":\"VPS Managed\"}]},{\"@type\":\"WebSite\",\"@id\":\"https:\\\/\\\/provider.pl\\\/#website\",\"url\":\"https:\\\/\\\/provider.pl\\\/\",\"name\":\"Provider Sp. z o.o.\",\"description\":\"Host Provider - Strony www, hosting, pozycjonowanie, domeny\",\"publisher\":{\"@id\":\"https:\\\/\\\/provider.pl\\\/#organization\"},\"potentialAction\":[{\"@type\":\"SearchAction\",\"target\":{\"@type\":\"EntryPoint\",\"urlTemplate\":\"https:\\\/\\\/provider.pl\\\/?s={search_term_string}\"},\"query-input\":{\"@type\":\"PropertyValueSpecification\",\"valueRequired\":true,\"valueName\":\"search_term_string\"}}],\"inLanguage\":\"en-US\"},{\"@type\":\"Organization\",\"@id\":\"https:\\\/\\\/provider.pl\\\/#organization\",\"name\":\"Provider Sp. z o.o.\",\"url\":\"https:\\\/\\\/provider.pl\\\/\",\"logo\":{\"@type\":\"ImageObject\",\"inLanguage\":\"en-US\",\"@id\":\"https:\\\/\\\/provider.pl\\\/#\\\/schema\\\/logo\\\/image\\\/\",\"url\":\"https:\\\/\\\/provider.pl\\\/wp-content\\\/uploads\\\/logo_provider_dark_red_bordo_2.png\",\"contentUrl\":\"https:\\\/\\\/provider.pl\\\/wp-content\\\/uploads\\\/logo_provider_dark_red_bordo_2.png\",\"width\":446,\"height\":320,\"caption\":\"Provider Sp. z o.o.\"},\"image\":{\"@id\":\"https:\\\/\\\/provider.pl\\\/#\\\/schema\\\/logo\\\/image\\\/\"},\"sameAs\":[\"https:\\\/\\\/www.facebook.com\\\/PROVIDERPL\"]}]}<\/script>\n<!-- \/ Yoast SEO plugin. -->","yoast_head_json":{"title":"VPS Managed - Host Provider","description":"Zarz\u0105dzane dedykowane serwery VPS od 299 z\u0142\/rok. Nasi specjali\u015bci zajm\u0105 si\u0119 konfiguracj\u0105 oraz dbaniem o bezpiecze\u0144stwo serwera a Ty w tym czasie spokojnie skupisz si\u0119 na rozwijaniu swojego projektu.","robots":{"index":"index","follow":"follow","max-snippet":"max-snippet:-1","max-image-preview":"max-image-preview:large","max-video-preview":"max-video-preview:-1"},"canonical":"https:\/\/provider.pl\/en\/vps-managed\/","og_locale":"en_US","og_type":"article","og_title":"VPS Managed - Host Provider","og_description":"Zarz\u0105dzane dedykowane serwery VPS od 299 z\u0142\/rok. Nasi specjali\u015bci zajm\u0105 si\u0119 konfiguracj\u0105 oraz dbaniem o bezpiecze\u0144stwo serwera a Ty w tym czasie spokojnie skupisz si\u0119 na rozwijaniu swojego projektu.","og_url":"https:\/\/provider.pl\/en\/vps-managed\/","og_site_name":"Host Provider","article_publisher":"https:\/\/www.facebook.com\/PROVIDERPL","article_modified_time":"2019-01-31T11:49:31+00:00","twitter_card":"summary_large_image","twitter_misc":{"Est. reading time":"5 minutes"},"schema":{"@context":"https:\/\/schema.org","@graph":[{"@type":"WebPage","@id":"https:\/\/provider.pl\/en\/vps-managed\/","url":"https:\/\/provider.pl\/en\/vps-managed\/","name":"VPS Managed - Host Provider","isPartOf":{"@id":"https:\/\/provider.pl\/#website"},"datePublished":"2018-07-10T09:10:13+00:00","dateModified":"2019-01-31T11:49:31+00:00","description":"Zarz\u0105dzane dedykowane serwery VPS od 299 z\u0142\/rok. Nasi specjali\u015bci zajm\u0105 si\u0119 konfiguracj\u0105 oraz dbaniem o bezpiecze\u0144stwo serwera a Ty w tym czasie spokojnie skupisz si\u0119 na rozwijaniu swojego projektu.","breadcrumb":{"@id":"https:\/\/provider.pl\/en\/vps-managed\/#breadcrumb"},"inLanguage":"en-US","potentialAction":[{"@type":"ReadAction","target":["https:\/\/provider.pl\/en\/vps-managed\/"]}]},{"@type":"BreadcrumbList","@id":"https:\/\/provider.pl\/en\/vps-managed\/#breadcrumb","itemListElement":[{"@type":"ListItem","position":1,"name":"Strona g\u0142\u00f3wna","item":"https:\/\/provider.pl\/en\/"},{"@type":"ListItem","position":2,"name":"VPS Managed"}]},{"@type":"WebSite","@id":"https:\/\/provider.pl\/#website","url":"https:\/\/provider.pl\/","name":"Provider Sp. z o.o.","description":"Host Provider - Strony www, hosting, pozycjonowanie, domeny","publisher":{"@id":"https:\/\/provider.pl\/#organization"},"potentialAction":[{"@type":"SearchAction","target":{"@type":"EntryPoint","urlTemplate":"https:\/\/provider.pl\/?s={search_term_string}"},"query-input":{"@type":"PropertyValueSpecification","valueRequired":true,"valueName":"search_term_string"}}],"inLanguage":"en-US"},{"@type":"Organization","@id":"https:\/\/provider.pl\/#organization","name":"Provider Sp. z o.o.","url":"https:\/\/provider.pl\/","logo":{"@type":"ImageObject","inLanguage":"en-US","@id":"https:\/\/provider.pl\/#\/schema\/logo\/image\/","url":"https:\/\/provider.pl\/wp-content\/uploads\/logo_provider_dark_red_bordo_2.png","contentUrl":"https:\/\/provider.pl\/wp-content\/uploads\/logo_provider_dark_red_bordo_2.png","width":446,"height":320,"caption":"Provider Sp. z o.o."},"image":{"@id":"https:\/\/provider.pl\/#\/schema\/logo\/image\/"},"sameAs":["https:\/\/www.facebook.com\/PROVIDERPL"]}]}},"_links":{"self":[{"href":"https:\/\/provider.pl\/en\/wp-json\/wp\/v2\/pages\/8660","targetHints":{"allow":["GET"]}}],"collection":[{"href":"https:\/\/provider.pl\/en\/wp-json\/wp\/v2\/pages"}],"about":[{"href":"https:\/\/provider.pl\/en\/wp-json\/wp\/v2\/types\/page"}],"author":[{"embeddable":true,"href":"https:\/\/provider.pl\/en\/wp-json\/wp\/v2\/users\/2"}],"replies":[{"embeddable":true,"href":"https:\/\/provider.pl\/en\/wp-json\/wp\/v2\/comments?post=8660"}],"version-history":[{"count":0,"href":"https:\/\/provider.pl\/en\/wp-json\/wp\/v2\/pages\/8660\/revisions"}],"wp:attachment":[{"href":"https:\/\/provider.pl\/en\/wp-json\/wp\/v2\/media?parent=8660"}],"curies":[{"name":"wp","href":"https:\/\/api.w.org\/{rel}","templated":true}]}}