
{"id":8662,"date":"2018-07-10T07:13:49","date_gmt":"2018-07-10T05:13:49","guid":{"rendered":"http:\/\/provider.pl\/vps-root\/"},"modified":"2019-01-31T14:22:17","modified_gmt":"2019-01-31T13:22:17","slug":"vps-root","status":"publish","type":"page","link":"https:\/\/provider.pl\/en\/vps-root\/","title":{"rendered":"VPS Root"},"content":{"rendered":"<p>[vc_row content_width=&#8221;grid&#8221; content_aligment=&#8221;center&#8221; css=&#8221;.vc_custom_1530863399556{padding-top: 185px !important;padding-bottom: 0px !important;background: #f6f7fc url(https:\/\/provider.pl\/wp-content\/uploads\/line1.png?id=6165) !important;}&#8221; el_class=&#8221;top_boxes_line_site&#8221;][vc_column][vc_column_text css=&#8221;.vc_custom_1531199672438{margin-bottom: 30px !important;}&#8221;]<\/p>\n<h1 style=\"text-align: center;\">VPS Root<\/h1>\n<p>[\/vc_column_text][vc_column_text css_animation=&#8221;fadeIn&#8221;]<\/p>\n<p style=\"text-align: justify;\">The VPS ROOT service is an ideal proposition for companies that value freedom of action and reliability. By connecting to at least two independent fiber optic operators, dual powered servers and powerful UPSs, you can be sure that your service will always be available.<\/p>\n<p>[\/vc_column_text][vc_empty_space height=&#8221;50px&#8221;][vc_column_text css=&#8221;.vc_custom_1546436698281{margin-bottom: 30px !important;}&#8221;]<\/p>\n<h3 style=\"text-align: center;\">Choose your machine<\/h3>\n<p>[\/vc_column_text][\/vc_column][\/vc_row][vc_row content_width=&#8221;grid&#8221; content_aligment=&#8221;center&#8221; css=&#8221;.vc_custom_1530772993123{background-color: #f6f7fb !important;}&#8221;][vc_column offset=&#8221;vc_col-lg-3 vc_col-md-6&#8243;][vc_raw_html]JTVCZGlzcGxheS1wYWtpZXQlMjBwb3N0X3R5cGUlM0QlMjJwYWtpZXR5JTIyJTIwdGF4b25vbXklM0QlMjJwYWtpZXR5LWthdGVnb3JpZSUyMiUyMHRlcm0lM0QlMjJ2cHMtcm9vdCUyMiUyMGlkJTNEJTIyODgyNCUyMiU1RA==[\/vc_raw_html][\/vc_column][vc_column offset=&#8221;vc_col-lg-3 vc_col-md-6&#8243;][vc_raw_html]JTVCZGlzcGxheS1wYWtpZXQlMjBwb3N0X3R5cGUlM0QlMjJwYWtpZXR5JTIyJTIwdGF4b25vbXklM0QlMjJwYWtpZXR5LWthdGVnb3JpZSUyMiUyMHRlcm0lM0QlMjJ2cHMtcm9vdCUyMiUyMGlkJTNEJTIyODgyNSUyMiU1RA==[\/vc_raw_html][\/vc_column][vc_column offset=&#8221;vc_col-lg-3 vc_col-md-6&#8243;][vc_raw_html]JTVCZGlzcGxheS1wYWtpZXQlMjBwb3N0X3R5cGUlM0QlMjJwYWtpZXR5JTIyJTIwdGF4b25vbXklM0QlMjJwYWtpZXR5LWthdGVnb3JpZSUyMiUyMHRlcm0lM0QlMjJ2cHMtcm9vdCUyMiUyMGlkJTNEJTIyODgyNiUyMiU1RA==[\/vc_raw_html][\/vc_column][vc_column offset=&#8221;vc_col-lg-3 vc_col-md-6&#8243;][vc_raw_html]JTVCZGlzcGxheS1wYWtpZXQlMjBwb3N0X3R5cGUlM0QlMjJwYWtpZXR5JTIyJTIwdGF4b25vbXklM0QlMjJwYWtpZXR5LWthdGVnb3JpZSUyMiUyMHRlcm0lM0QlMjJ2cHMtcm9vdCUyMiUyMGlkJTNEJTIyODgyNyUyMiU1RA==[\/vc_raw_html][\/vc_column][vc_column][vc_empty_space][\/vc_column][\/vc_row][vc_row content_width=&#8221;grid&#8221; content_aligment=&#8221;center&#8221; css=&#8221;.vc_custom_1531202205728{background-image: url(https:\/\/provider.pl\/wp-content\/uploads\/wave_line_straight_color1.jpg?id=6500) !important;}&#8221; el_class=&#8221;wave_line_straight_color1&#8243;][vc_column][vc_column_text css_animation=&#8221;fadeIn&#8221;]<\/p>\n<h4>Parameters of the VPS Dedicated Server Hosting Service<\/h4>\n<div class=\"qodef-service-table qodef-cols-2 rounded\">\n<div class=\"qodef-service-table-inner\">\n<table class=\"qodef-service-table-holder smalltable params nocolwidth\">\n<tbody>\n<tr>\n<td>Choose a plan for yourself<\/td>\n<td>\n<h5>VPS ROOT<br \/>\nStart<\/h5>\n<p><strong>199 z\u0142 <\/strong><br \/>\n<strong>net \/ month<\/strong><\/td>\n<td>\n<h5>VPS ROOT<br \/>\nBiznes<\/h5>\n<p><strong>299 z\u0142 <\/strong><br \/>\n<strong>net \/ month<\/strong><\/td>\n<td>\n<h5>VPS ROOT<br \/>\nEnterprise<\/h5>\n<p><strong>499 z\u0142 <\/strong><br \/>\n<strong>net \/ month<\/strong><\/td>\n<td>\n<h5>VPS ROOT<br \/>\nPlatinum<\/h5>\n<p><strong>1299 z\u0142 <\/strong><br \/>\n<strong>net \/ month<\/strong><\/td>\n<\/tr>\n<tr>\n<td class=\"tdspecial\" style=\"text-align: center; color: #000000; font-weight: bold;\" colspan=\"5\">Parameters<\/td>\n<\/tr>\n<tr>\n<td>Cluster www<\/td>\n<td>All-in -one<\/td>\n<td>All-in -one<\/td>\n<td>All-in -one<\/td>\n<td>Yes<\/td>\n<\/tr>\n<tr>\n<td>Capacity<\/td>\n<td>100 GB SATA<\/td>\n<td>200 GB SATA<\/td>\n<td>400 GB SATA or 40 GB SDD<\/td>\n<td>1TB SATA or 100 GB SDD<\/td>\n<\/tr>\n<tr>\n<td>RAM<\/td>\n<td>2 GB<\/td>\n<td>4 GB<\/td>\n<td>8GB<\/td>\n<td>16GB<\/td>\n<\/tr>\n<tr>\n<td>CPU<\/td>\n<td>1&#215;3.33Ghz<\/td>\n<td>1&#215;3.33GHz<\/td>\n<td>2&#215;3.33GHz<\/td>\n<td>4&#215;3.33GHz<\/td>\n<\/tr>\n<tr>\n<td>The maximum number of system files on the disk*<\/td>\n<td>200000<\/td>\n<td>400000<\/td>\n<td>800000 (SATA) lub 200.000 (SSD)<\/td>\n<td>800000 (SATA) lub 200.000 (SSD)<\/td>\n<\/tr>\n<tr>\n<td>Maximum number of disk operations per second (IOPS)<\/td>\n<td>100<\/td>\n<td>150<\/td>\n<td>200<\/td>\n<td>400 (SATA) lub 800 (SSD)<\/td>\n<\/tr>\n<tr>\n<td>Management<\/td>\n<td>installation + Root account<\/td>\n<td>installation + Root account<\/td>\n<td>installation + Root account<\/td>\n<td>installation + Root account<\/td>\n<\/tr>\n<\/tbody>\n<\/table>\n<\/div>\n<\/div>\n<p style=\"text-align: left;\">* The maximum number of system files de facto refers to the number of handles (inode); one large file may occupy several inodes.<\/p>\n<p>[\/vc_column_text][vc_empty_space height=&#8221;50px&#8221;][\/vc_column][\/vc_row][vc_row content_aligment=&#8221;center&#8221; css=&#8221;.vc_custom_1531283420688{padding-bottom: 110px !important;background-position: center !important;background-repeat: no-repeat !important;background-size: cover !important;}&#8221;][vc_column][vc_column_text]<p>[vc_row content_aligment=&#8221;center&#8221; css=&#8221;.vc_custom_1531225872566{padding-bottom: 110px !important;background-position: center !important;background-repeat: no-repeat !important;background-size: cover !important;}&#8221;][vc_column][\/vc_column][\/vc_row][vc_row content_width=&#8221;grid&#8221; content_aligment=&#8221;center&#8221;][vc_column][vc_column_text]<\/p>\n<h1>Contact Form<\/h1>\n<p>[\/vc_column_text][vc_raw_html css=&#8221;.vc_custom_1523606799344{padding-bottom: 40px !important;}&#8221;]JTNDZGl2JTIwY2xhc3MlM0QlMjJxb2RlZi1zZXBhcmF0b3ItaG9sZGVyJTIwY2xlYXJmaXglMjAlMjBxb2RlZi1zZXBhcmF0b3ItbGVmdCUyMiUyMHN0eWxlJTNEJTIydGV4dC1hbGlnbiUzQSUyMGNlbnRlciUzQiUyMiUzRSUwQSUyMCUyMCUyMCUyMCUzQ2RpdiUyMGNsYXNzJTNEJTIycW9kZWYtc2VwYXJhdG9yJTIyJTIwc3R5bGUlM0QlMjJib3JkZXItY29sb3IlM0ElMjAlMjM4YzAyNjYlM0Jib3JkZXItcmFkaXVzJTNBJTIwM3B4JTNCd2lkdGglM0ElMjA5MXB4JTNCYm9yZGVyLWJvdHRvbS13aWR0aCUzQSUyMDVweCUyMiUzRSUzQyUyRmRpdiUzRSUwQSUzQyUyRmRpdiUzRQ==[\/vc_raw_html][vc_column_text css=&#8221;.vc_custom_1546437969292{padding-right: 40px !important;padding-bottom: 40px !important;padding-left: 40px !important;}&#8221;]<\/p>\n<p style=\"text-align: center;\">If you have any additional questions or concerns.<\/p>\n<p style=\"text-align: center;\">We invite you to contact us.<\/p>\n<p style=\"text-align: center;\">We will try to answer all your questions.<\/p>\n<p>[\/vc_column_text][vc_raw_html css=&#8221;.vc_custom_1547648958152{padding-bottom: 40px !important;}&#8221;]JTNDYSUyMGl0ZW1wcm9wJTNEJTIydXJsJTIyJTIwaHJlZiUzRCUyMiUyRmVuJTJGY29udGFjdC1mb3JtJTJGJTIyJTIwdGFyZ2V0JTNEJTIyX3NlbGYlMjIlMjBzdHlsZSUzRCUyMmNvbG9yJTNBJTIwJTIzZmZmZmZmJTNCYmFja2dyb3VuZC1jb2xvciUzQSUyMCUyMzI0MjYyYSUzQmJvcmRlci1jb2xvciUzQSUyMCUyMzI0MjYyYSUzQmJvcmRlci1yYWRpdXMlM0ElMjA1cHglMjIlMjBjbGFzcyUzRCUyMnFvZGVmLWJ0biUyMHFvZGVmLWJ0bi1sYXJnZSUyMHFvZGVmLWJ0bi1zb2xpZCUyMHFvZGVmLWJ0bi1jdXN0b20taG92ZXItYmclMjBxb2RlZi1idG4tY3VzdG9tLWJvcmRlci1ob3ZlciUyMHFvZGVmLWJ0bi1jdXN0b20taG92ZXItY29sb3IlMjBxb2RlZi1idG4taG92ZXItc2NhbGUlMjIlMjBkYXRhLWhvdmVyLWJnLWNvbG9yJTNEJTIyJTIzYTUxMTJmJTIyJTIwZGF0YS1ob3Zlci1jb2xvciUzRCUyMiUyM2ZmZmZmZiUyMiUyMGRhdGEtaG92ZXItYm9yZGVyLWNvbG9yJTNEJTIyJTIzYTUxMTJmJTIyJTNFJTBBJTIwJTIwJTIwJTIwJTNDc3BhbiUyMGNsYXNzJTNEJTIycW9kZWYtYnRuLXRleHQlMjIlM0VGSUxMJTIwVEhFJTIwRk9STSUzQyUyRnNwYW4lM0UlMEElMjAlMjAlMjAlMjAlM0NzcGFuJTIwY2xhc3MlM0QlMjJxb2RlZi1idG4taWNvbi1ub3JtYWwlMjIlM0UlM0MlMkZzcGFuJTNFJTBBJTIwJTIwJTIwJTIwJTNDc3BhbiUyMGNsYXNzJTNEJTIycW9kZWYtYnRuLWljb24tZmxpcCUyMiUzRSUzQyUyRnNwYW4lM0UlMEElMjAlMjAlMjAlMjAlMjAlMjAlMjAlMjAlMDklM0NzcGFuJTIwY2xhc3MlM0QlMjJxb2RlZi1ob3Zlci1iYWNrZ3JvdW5kJTIyJTIwc3R5bGUlM0QlMjJiYWNrZ3JvdW5kLWNvbG9yJTNBJTIwcmdiJTI4MTY1JTJDJTIwMTclMkMlMjA0NyUyOSUzQiUyMGJvcmRlci1jb2xvciUzQSUyMHJnYiUyODE2NSUyQyUyMDE3JTJDJTIwNDclMjklM0IlMjB0b3AlM0ElMjAtMnB4JTNCJTIwbGVmdCUzQSUyMC0ycHglM0IlMjBib3JkZXItd2lkdGglM0ElMjAycHglM0IlMjBib3JkZXItcmFkaXVzJTNBJTIwMTAwJTI1JTNCJTIyJTNFJTNDJTJGc3BhbiUzRSUwQSUyMCUyMCUyMCUyMCUwQSUyMCUyMCUyMCUyMCUzQyUyRmElM0U=[\/vc_raw_html][vc_empty_space height=&#8221;50px&#8221;][\/vc_column][\/vc_row]<\/p>\n<style type=\"text\/css\" data-type=\"vc_shortcodes-custom-css\">.vc_custom_1531225872566{padding-bottom: 110px !important;background-position: center !important;background-repeat: no-repeat !important;background-size: cover !important;}.vc_custom_1523606799344{padding-bottom: 40px !important;}.vc_custom_1546437969292{padding-right: 40px !important;padding-bottom: 40px !important;padding-left: 40px !important;}.vc_custom_1547648958152{padding-bottom: 40px !important;}<\/style>[\/vc_column_text][\/vc_column][\/vc_row]<\/p>\n","protected":false},"excerpt":{"rendered":"<p>[vc_row content_width=&#8221;grid&#8221; content_aligment=&#8221;center&#8221; css=&#8221;.vc_custom_1530863399556{padding-top: 185px !important;padding-bottom: 0px !important;background: #f6f7fc url(https:\/\/provider.pl\/wp-content\/uploads\/line1.png?id=6165) !important;}&#8221; el_class=&#8221;top_boxes_line_site&#8221;][vc_column][vc_column_text css=&#8221;.vc_custom_1531199672438{margin-bottom: 30px !important;}&#8221;] VPS Root [\/vc_column_text][vc_column_text css_animation=&#8221;fadeIn&#8221;] The VPS ROOT service is an ideal proposition for companies that value freedom of action and reliability. By connecting to at least two independent fiber optic&#8230;<\/p>\n","protected":false},"author":2,"featured_media":0,"parent":0,"menu_order":0,"comment_status":"closed","ping_status":"closed","template":"full-width.php","meta":{"_acf_changed":false,"inline_featured_image":false,"footnotes":""},"class_list":["post-8662","page","type-page","status-publish","hentry"],"acf":[],"yoast_head":"<!-- This site is optimized with the Yoast SEO plugin v27.3 - https:\/\/yoast.com\/product\/yoast-seo-wordpress\/ -->\n<title>VPS Root - Host Provider<\/title>\n<meta name=\"description\" content=\"Us\u0142uga VPS ROOT to idealna propozycja dla firm ceni\u0105cych sobie swobod\u0119 dzia\u0142ania, niezawodno\u015b\u0107 i elastyczno\u015b\u0107.\" \/>\n<meta name=\"robots\" content=\"index, follow, max-snippet:-1, max-image-preview:large, max-video-preview:-1\" \/>\n<link rel=\"canonical\" href=\"https:\/\/provider.pl\/en\/vps-root\/\" \/>\n<meta property=\"og:locale\" content=\"en_US\" \/>\n<meta property=\"og:type\" content=\"article\" \/>\n<meta property=\"og:title\" content=\"VPS Root - Host Provider\" \/>\n<meta property=\"og:description\" content=\"Us\u0142uga VPS ROOT to idealna propozycja dla firm ceni\u0105cych sobie swobod\u0119 dzia\u0142ania, niezawodno\u015b\u0107 i elastyczno\u015b\u0107.\" \/>\n<meta property=\"og:url\" content=\"https:\/\/provider.pl\/en\/vps-root\/\" \/>\n<meta property=\"og:site_name\" content=\"Host Provider\" \/>\n<meta property=\"article:publisher\" content=\"https:\/\/www.facebook.com\/PROVIDERPL\" \/>\n<meta property=\"article:modified_time\" content=\"2019-01-31T13:22:17+00:00\" \/>\n<meta name=\"twitter:card\" content=\"summary_large_image\" \/>\n<meta name=\"twitter:label1\" content=\"Est. reading time\" \/>\n\t<meta name=\"twitter:data1\" content=\"3 minutes\" \/>\n<script type=\"application\/ld+json\" class=\"yoast-schema-graph\">{\"@context\":\"https:\\\/\\\/schema.org\",\"@graph\":[{\"@type\":\"WebPage\",\"@id\":\"https:\\\/\\\/provider.pl\\\/en\\\/vps-root\\\/\",\"url\":\"https:\\\/\\\/provider.pl\\\/en\\\/vps-root\\\/\",\"name\":\"VPS Root - Host Provider\",\"isPartOf\":{\"@id\":\"https:\\\/\\\/provider.pl\\\/#website\"},\"datePublished\":\"2018-07-10T05:13:49+00:00\",\"dateModified\":\"2019-01-31T13:22:17+00:00\",\"description\":\"Us\u0142uga VPS ROOT to idealna propozycja dla firm ceni\u0105cych sobie swobod\u0119 dzia\u0142ania, niezawodno\u015b\u0107 i elastyczno\u015b\u0107.\",\"breadcrumb\":{\"@id\":\"https:\\\/\\\/provider.pl\\\/en\\\/vps-root\\\/#breadcrumb\"},\"inLanguage\":\"en-US\",\"potentialAction\":[{\"@type\":\"ReadAction\",\"target\":[\"https:\\\/\\\/provider.pl\\\/en\\\/vps-root\\\/\"]}]},{\"@type\":\"BreadcrumbList\",\"@id\":\"https:\\\/\\\/provider.pl\\\/en\\\/vps-root\\\/#breadcrumb\",\"itemListElement\":[{\"@type\":\"ListItem\",\"position\":1,\"name\":\"Strona g\u0142\u00f3wna\",\"item\":\"https:\\\/\\\/provider.pl\\\/en\\\/\"},{\"@type\":\"ListItem\",\"position\":2,\"name\":\"VPS Root\"}]},{\"@type\":\"WebSite\",\"@id\":\"https:\\\/\\\/provider.pl\\\/#website\",\"url\":\"https:\\\/\\\/provider.pl\\\/\",\"name\":\"Provider Sp. z o.o.\",\"description\":\"Host Provider - Strony www, hosting, pozycjonowanie, domeny\",\"publisher\":{\"@id\":\"https:\\\/\\\/provider.pl\\\/#organization\"},\"potentialAction\":[{\"@type\":\"SearchAction\",\"target\":{\"@type\":\"EntryPoint\",\"urlTemplate\":\"https:\\\/\\\/provider.pl\\\/?s={search_term_string}\"},\"query-input\":{\"@type\":\"PropertyValueSpecification\",\"valueRequired\":true,\"valueName\":\"search_term_string\"}}],\"inLanguage\":\"en-US\"},{\"@type\":\"Organization\",\"@id\":\"https:\\\/\\\/provider.pl\\\/#organization\",\"name\":\"Provider Sp. z o.o.\",\"url\":\"https:\\\/\\\/provider.pl\\\/\",\"logo\":{\"@type\":\"ImageObject\",\"inLanguage\":\"en-US\",\"@id\":\"https:\\\/\\\/provider.pl\\\/#\\\/schema\\\/logo\\\/image\\\/\",\"url\":\"https:\\\/\\\/provider.pl\\\/wp-content\\\/uploads\\\/logo_provider_dark_red_bordo_2.png\",\"contentUrl\":\"https:\\\/\\\/provider.pl\\\/wp-content\\\/uploads\\\/logo_provider_dark_red_bordo_2.png\",\"width\":446,\"height\":320,\"caption\":\"Provider Sp. z o.o.\"},\"image\":{\"@id\":\"https:\\\/\\\/provider.pl\\\/#\\\/schema\\\/logo\\\/image\\\/\"},\"sameAs\":[\"https:\\\/\\\/www.facebook.com\\\/PROVIDERPL\"]}]}<\/script>\n<!-- \/ Yoast SEO plugin. -->","yoast_head_json":{"title":"VPS Root - Host Provider","description":"Us\u0142uga VPS ROOT to idealna propozycja dla firm ceni\u0105cych sobie swobod\u0119 dzia\u0142ania, niezawodno\u015b\u0107 i elastyczno\u015b\u0107.","robots":{"index":"index","follow":"follow","max-snippet":"max-snippet:-1","max-image-preview":"max-image-preview:large","max-video-preview":"max-video-preview:-1"},"canonical":"https:\/\/provider.pl\/en\/vps-root\/","og_locale":"en_US","og_type":"article","og_title":"VPS Root - Host Provider","og_description":"Us\u0142uga VPS ROOT to idealna propozycja dla firm ceni\u0105cych sobie swobod\u0119 dzia\u0142ania, niezawodno\u015b\u0107 i elastyczno\u015b\u0107.","og_url":"https:\/\/provider.pl\/en\/vps-root\/","og_site_name":"Host Provider","article_publisher":"https:\/\/www.facebook.com\/PROVIDERPL","article_modified_time":"2019-01-31T13:22:17+00:00","twitter_card":"summary_large_image","twitter_misc":{"Est. reading time":"3 minutes"},"schema":{"@context":"https:\/\/schema.org","@graph":[{"@type":"WebPage","@id":"https:\/\/provider.pl\/en\/vps-root\/","url":"https:\/\/provider.pl\/en\/vps-root\/","name":"VPS Root - Host Provider","isPartOf":{"@id":"https:\/\/provider.pl\/#website"},"datePublished":"2018-07-10T05:13:49+00:00","dateModified":"2019-01-31T13:22:17+00:00","description":"Us\u0142uga VPS ROOT to idealna propozycja dla firm ceni\u0105cych sobie swobod\u0119 dzia\u0142ania, niezawodno\u015b\u0107 i elastyczno\u015b\u0107.","breadcrumb":{"@id":"https:\/\/provider.pl\/en\/vps-root\/#breadcrumb"},"inLanguage":"en-US","potentialAction":[{"@type":"ReadAction","target":["https:\/\/provider.pl\/en\/vps-root\/"]}]},{"@type":"BreadcrumbList","@id":"https:\/\/provider.pl\/en\/vps-root\/#breadcrumb","itemListElement":[{"@type":"ListItem","position":1,"name":"Strona g\u0142\u00f3wna","item":"https:\/\/provider.pl\/en\/"},{"@type":"ListItem","position":2,"name":"VPS Root"}]},{"@type":"WebSite","@id":"https:\/\/provider.pl\/#website","url":"https:\/\/provider.pl\/","name":"Provider Sp. z o.o.","description":"Host Provider - Strony www, hosting, pozycjonowanie, domeny","publisher":{"@id":"https:\/\/provider.pl\/#organization"},"potentialAction":[{"@type":"SearchAction","target":{"@type":"EntryPoint","urlTemplate":"https:\/\/provider.pl\/?s={search_term_string}"},"query-input":{"@type":"PropertyValueSpecification","valueRequired":true,"valueName":"search_term_string"}}],"inLanguage":"en-US"},{"@type":"Organization","@id":"https:\/\/provider.pl\/#organization","name":"Provider Sp. z o.o.","url":"https:\/\/provider.pl\/","logo":{"@type":"ImageObject","inLanguage":"en-US","@id":"https:\/\/provider.pl\/#\/schema\/logo\/image\/","url":"https:\/\/provider.pl\/wp-content\/uploads\/logo_provider_dark_red_bordo_2.png","contentUrl":"https:\/\/provider.pl\/wp-content\/uploads\/logo_provider_dark_red_bordo_2.png","width":446,"height":320,"caption":"Provider Sp. z o.o."},"image":{"@id":"https:\/\/provider.pl\/#\/schema\/logo\/image\/"},"sameAs":["https:\/\/www.facebook.com\/PROVIDERPL"]}]}},"_links":{"self":[{"href":"https:\/\/provider.pl\/en\/wp-json\/wp\/v2\/pages\/8662","targetHints":{"allow":["GET"]}}],"collection":[{"href":"https:\/\/provider.pl\/en\/wp-json\/wp\/v2\/pages"}],"about":[{"href":"https:\/\/provider.pl\/en\/wp-json\/wp\/v2\/types\/page"}],"author":[{"embeddable":true,"href":"https:\/\/provider.pl\/en\/wp-json\/wp\/v2\/users\/2"}],"replies":[{"embeddable":true,"href":"https:\/\/provider.pl\/en\/wp-json\/wp\/v2\/comments?post=8662"}],"version-history":[{"count":0,"href":"https:\/\/provider.pl\/en\/wp-json\/wp\/v2\/pages\/8662\/revisions"}],"wp:attachment":[{"href":"https:\/\/provider.pl\/en\/wp-json\/wp\/v2\/media?parent=8662"}],"curies":[{"name":"wp","href":"https:\/\/api.w.org\/{rel}","templated":true}]}}